{"id":1068,"date":"2021-11-05T22:17:14","date_gmt":"2021-11-05T22:17:14","guid":{"rendered":"http:\/\/www.mstyrsovatc.cz\/?page_id=1068"},"modified":"2026-01-21T07:24:24","modified_gmt":"2026-01-21T07:24:24","slug":"projekty-ms","status":"publish","type":"page","link":"https:\/\/www.mstyrsovatc.cz\/?page_id=1068","title":{"rendered":"Projekty M\u0160"},"content":{"rendered":"<blockquote class=\"wp-embedded-content\" data-secret=\"cbEioxHLpq\"><p><a href=\"http:\/\/www.mstyrsovatc.cz\/?page_id=3723\">Projekt VYBAVEN\u00cd \u0160KOLN\u00cd ZAHRADY<\/a><\/p><\/blockquote>\n<p><iframe loading=\"lazy\" class=\"wp-embedded-content\" sandbox=\"allow-scripts\" security=\"restricted\" style=\"position: absolute; clip: rect(1px, 1px, 1px, 1px);\" title=\"&#8222;Projekt VYBAVEN\u00cd \u0160KOLN\u00cd ZAHRADY&#8220; &#8212; M\u0160 Tyr\u0161ova Tachov\" src=\"http:\/\/www.mstyrsovatc.cz\/?page_id=3723&#038;embed=true#?secret=cbEioxHLpq\" data-secret=\"cbEioxHLpq\" width=\"600\" height=\"338\" frameborder=\"0\" marginwidth=\"0\" marginheight=\"0\" scrolling=\"no\"><\/iframe><\/p>\n<blockquote class=\"wp-embedded-content\" data-secret=\"U3gPTsmbRa\"><p><a href=\"http:\/\/www.mstyrsovatc.cz\/?page_id=3647\">Ob\u011bdy do \u0161kol 2025\/2026 \u2013 bezplatn\u00e9 \u0161koln\u00ed stravov\u00e1n\u00ed<\/a><\/p><\/blockquote>\n<p><iframe loading=\"lazy\" class=\"wp-embedded-content\" sandbox=\"allow-scripts\" security=\"restricted\" style=\"position: absolute; clip: rect(1px, 1px, 1px, 1px);\" title=\"&#8222;Ob\u011bdy do \u0161kol 2025\/2026 \u2013 bezplatn\u00e9 \u0161koln\u00ed stravov\u00e1n\u00ed&#8220; &#8212; M\u0160 Tyr\u0161ova Tachov\" src=\"http:\/\/www.mstyrsovatc.cz\/?page_id=3647&#038;embed=true#?secret=U3gPTsmbRa\" data-secret=\"U3gPTsmbRa\" width=\"600\" height=\"338\" frameborder=\"0\" marginwidth=\"0\" marginheight=\"0\" scrolling=\"no\"><\/iframe><\/p>\n<blockquote class=\"wp-embedded-content\" data-secret=\"QZ0zQWHjyE\"><p><a href=\"http:\/\/www.mstyrsovatc.cz\/?page_id=3500\">M\u00edstn\u00ed ak\u010dn\u00ed pl\u00e1n rozvoje vzd\u011bl\u00e1v\u00e1n\u00ed IV ORP Tachov<\/a><\/p><\/blockquote>\n<p><iframe loading=\"lazy\" class=\"wp-embedded-content\" sandbox=\"allow-scripts\" security=\"restricted\" style=\"position: absolute; clip: rect(1px, 1px, 1px, 1px);\" title=\"&#8222;M\u00edstn\u00ed ak\u010dn\u00ed pl\u00e1n rozvoje vzd\u011bl\u00e1v\u00e1n\u00ed IV ORP Tachov&#8220; &#8212; M\u0160 Tyr\u0161ova Tachov\" src=\"http:\/\/www.mstyrsovatc.cz\/?page_id=3500&#038;embed=true#?secret=QZ0zQWHjyE\" data-secret=\"QZ0zQWHjyE\" width=\"600\" height=\"338\" frameborder=\"0\" marginwidth=\"0\" marginheight=\"0\" scrolling=\"no\"><\/iframe><\/p>\n<blockquote class=\"wp-embedded-content\" data-secret=\"L5qz7OetCg\"><p><a href=\"http:\/\/www.mstyrsovatc.cz\/?page_id=3504\">Projekt MODERNIZACE T\u0158\u00cdDY TVO\u0158ILEK<\/a><\/p><\/blockquote>\n<p><iframe loading=\"lazy\" class=\"wp-embedded-content\" sandbox=\"allow-scripts\" security=\"restricted\" style=\"position: absolute; clip: rect(1px, 1px, 1px, 1px);\" title=\"&#8222;Projekt MODERNIZACE T\u0158\u00cdDY TVO\u0158ILEK&#8220; &#8212; M\u0160 Tyr\u0161ova Tachov\" src=\"http:\/\/www.mstyrsovatc.cz\/?page_id=3504&#038;embed=true#?secret=L5qz7OetCg\" data-secret=\"L5qz7OetCg\" width=\"600\" height=\"338\" frameborder=\"0\" marginwidth=\"0\" marginheight=\"0\" scrolling=\"no\"><\/iframe><\/p>\n<blockquote class=\"wp-embedded-content\" data-secret=\"TsfvCRC5Cz\"><p><a href=\"http:\/\/www.mstyrsovatc.cz\/?page_id=2471\">Ob\u011bdy do \u0161kol &#8211; bezplatn\u00e9 \u0161koln\u00ed stravov\u00e1n\u00ed<\/a><\/p><\/blockquote>\n<p><iframe loading=\"lazy\" class=\"wp-embedded-content\" sandbox=\"allow-scripts\" security=\"restricted\" style=\"position: absolute; clip: rect(1px, 1px, 1px, 1px);\" title=\"&#8222;Ob\u011bdy do \u0161kol &#8211; bezplatn\u00e9 \u0161koln\u00ed stravov\u00e1n\u00ed&#8220; &#8212; M\u0160 Tyr\u0161ova Tachov\" src=\"http:\/\/www.mstyrsovatc.cz\/?page_id=2471&#038;embed=true#?secret=TsfvCRC5Cz\" data-secret=\"TsfvCRC5Cz\" width=\"600\" height=\"338\" frameborder=\"0\" marginwidth=\"0\" marginheight=\"0\" scrolling=\"no\"><\/iframe><\/p>\n<blockquote class=\"wp-embedded-content\" data-secret=\"8gzi2Zi18H\"><p><a href=\"http:\/\/www.mstyrsovatc.cz\/?page_id=3126\">Digitalizujeme \u0161kolu<\/a><\/p><\/blockquote>\n<p><iframe loading=\"lazy\" class=\"wp-embedded-content\" sandbox=\"allow-scripts\" security=\"restricted\" style=\"position: absolute; clip: rect(1px, 1px, 1px, 1px);\" title=\"&#8222;Digitalizujeme \u0161kolu&#8220; &#8212; M\u0160 Tyr\u0161ova Tachov\" src=\"http:\/\/www.mstyrsovatc.cz\/?page_id=3126&#038;embed=true#?secret=8gzi2Zi18H\" data-secret=\"8gzi2Zi18H\" width=\"600\" height=\"338\" frameborder=\"0\" marginwidth=\"0\" marginheight=\"0\" scrolling=\"no\"><\/iframe><\/p>\n<blockquote class=\"wp-embedded-content\" data-secret=\"gUnx1fGHzj\"><p><a href=\"http:\/\/www.mstyrsovatc.cz\/?page_id=1580\">Projekt &#8211; Rozvoj M\u0160 Tyr\u0161ova I OP JAK<\/a><\/p><\/blockquote>\n<p><iframe loading=\"lazy\" class=\"wp-embedded-content\" sandbox=\"allow-scripts\" security=\"restricted\" style=\"position: absolute; clip: rect(1px, 1px, 1px, 1px);\" title=\"&#8222;Projekt &#8211; Rozvoj M\u0160 Tyr\u0161ova I OP JAK&#8220; &#8212; M\u0160 Tyr\u0161ova Tachov\" src=\"http:\/\/www.mstyrsovatc.cz\/?page_id=1580&#038;embed=true#?secret=gUnx1fGHzj\" data-secret=\"gUnx1fGHzj\" width=\"600\" height=\"338\" frameborder=\"0\" marginwidth=\"0\" marginheight=\"0\" scrolling=\"no\"><\/iframe><\/p>\n<blockquote class=\"wp-embedded-content\" data-secret=\"2NmmDHfoRx\"><p><a href=\"http:\/\/www.mstyrsovatc.cz\/?page_id=1560\">Projekt MODERNIZACE T\u0158\u00cdDY \u010cIPEREK<\/a><\/p><\/blockquote>\n<p><iframe loading=\"lazy\" class=\"wp-embedded-content\" sandbox=\"allow-scripts\" security=\"restricted\" style=\"position: absolute; clip: rect(1px, 1px, 1px, 1px);\" title=\"&#8222;Projekt MODERNIZACE T\u0158\u00cdDY \u010cIPEREK&#8220; &#8212; M\u0160 Tyr\u0161ova Tachov\" src=\"http:\/\/www.mstyrsovatc.cz\/?page_id=1560&#038;embed=true#?secret=2NmmDHfoRx\" data-secret=\"2NmmDHfoRx\" width=\"600\" height=\"338\" frameborder=\"0\" marginwidth=\"0\" marginheight=\"0\" scrolling=\"no\"><\/iframe><\/p>\n<blockquote class=\"wp-embedded-content\" data-secret=\"PTxBWpk13s\"><p><a href=\"http:\/\/www.mstyrsovatc.cz\/?page_id=1113\">Projekt MODERNIZACE T\u0158\u00cdDY \u0160IKULEK<\/a><\/p><\/blockquote>\n<p><iframe loading=\"lazy\" class=\"wp-embedded-content\" sandbox=\"allow-scripts\" security=\"restricted\" style=\"position: absolute; clip: rect(1px, 1px, 1px, 1px);\" title=\"&#8222;Projekt MODERNIZACE T\u0158\u00cdDY \u0160IKULEK&#8220; &#8212; M\u0160 Tyr\u0161ova Tachov\" src=\"http:\/\/www.mstyrsovatc.cz\/?page_id=1113&#038;embed=true#?secret=PTxBWpk13s\" data-secret=\"PTxBWpk13s\" width=\"600\" height=\"338\" frameborder=\"0\" marginwidth=\"0\" marginheight=\"0\" scrolling=\"no\"><\/iframe><\/p>\n<blockquote class=\"wp-embedded-content\" data-secret=\"y6BwvGrdMP\"><p><a href=\"http:\/\/www.mstyrsovatc.cz\/?page_id=1086\">Rozvoj M\u0160 Tachov Tyr\u0161ova II<\/a><\/p><\/blockquote>\n<p><iframe loading=\"lazy\" class=\"wp-embedded-content\" sandbox=\"allow-scripts\" security=\"restricted\" style=\"position: absolute; clip: rect(1px, 1px, 1px, 1px);\" title=\"&#8222;Rozvoj M\u0160 Tachov Tyr\u0161ova II&#8220; &#8212; M\u0160 Tyr\u0161ova Tachov\" src=\"http:\/\/www.mstyrsovatc.cz\/?page_id=1086&#038;embed=true#?secret=y6BwvGrdMP\" data-secret=\"y6BwvGrdMP\" width=\"600\" height=\"338\" frameborder=\"0\" marginwidth=\"0\" marginheight=\"0\" scrolling=\"no\"><\/iframe><\/p>\n<p>&nbsp;<\/p>\n<p>&nbsp;<\/p>\n<p>&nbsp;<\/p>\n","protected":false},"excerpt":{"rendered":"<p>Projekt VYBAVEN\u00cd \u0160KOLN\u00cd ZAHRADY Ob\u011bdy do \u0161kol 2025\/2026 \u2013 bezplatn\u00e9 \u0161koln\u00ed stravov\u00e1n\u00ed M\u00edstn\u00ed ak\u010dn\u00ed pl\u00e1n rozvoje vzd\u011bl\u00e1v\u00e1n\u00ed IV ORP Tachov &hellip; <\/p>\n","protected":false},"author":1,"featured_media":0,"parent":16,"menu_order":0,"comment_status":"closed","ping_status":"closed","template":"","meta":{"footnotes":""},"class_list":["post-1068","page","type-page","status-publish","hentry"],"yoast_head":"<!-- This site is optimized with the Yoast SEO plugin v14.7 - https:\/\/yoast.com\/wordpress\/plugins\/seo\/ -->\n<title>Projekty M\u0160 - M\u0160 Tyr\u0161ova Tachov<\/title>\n<meta name=\"robots\" content=\"index, follow\" \/>\n<meta name=\"googlebot\" content=\"index, follow, max-snippet:-1, max-image-preview:large, max-video-preview:-1\" \/>\n<meta name=\"bingbot\" content=\"index, follow, max-snippet:-1, max-image-preview:large, max-video-preview:-1\" \/>\n<link rel=\"canonical\" href=\"http:\/\/www.mstyrsovatc.cz\/?page_id=1068\" \/>\n<meta property=\"og:locale\" content=\"cs_CZ\" \/>\n<meta property=\"og:type\" content=\"article\" \/>\n<meta property=\"og:title\" content=\"Projekty M\u0160 - M\u0160 Tyr\u0161ova Tachov\" \/>\n<meta property=\"og:description\" content=\"Projekt VYBAVEN\u00cd \u0160KOLN\u00cd ZAHRADY Ob\u011bdy do \u0161kol 2025\/2026 \u2013 bezplatn\u00e9 \u0161koln\u00ed stravov\u00e1n\u00ed M\u00edstn\u00ed ak\u010dn\u00ed pl\u00e1n rozvoje vzd\u011bl\u00e1v\u00e1n\u00ed IV ORP Tachov &hellip;\" \/>\n<meta property=\"og:url\" content=\"http:\/\/www.mstyrsovatc.cz\/?page_id=1068\" \/>\n<meta property=\"og:site_name\" content=\"M\u0160 Tyr\u0161ova Tachov\" \/>\n<meta property=\"article:modified_time\" content=\"2026-01-21T07:24:24+00:00\" \/>\n<meta name=\"twitter:card\" content=\"summary_large_image\" \/>\n<script type=\"application\/ld+json\" class=\"yoast-schema-graph\">{\"@context\":\"https:\/\/schema.org\",\"@graph\":[{\"@type\":[\"Person\",\"Organization\"],\"@id\":\"https:\/\/www.mstyrsovatc.cz\/#\/schema\/person\/9f73b07ad3eda6cbbd9b62821097625a\",\"name\":\"mstyrsovatc\",\"logo\":{\"@id\":\"https:\/\/www.mstyrsovatc.cz\/#personlogo\"}},{\"@type\":\"WebSite\",\"@id\":\"https:\/\/www.mstyrsovatc.cz\/#website\",\"url\":\"https:\/\/www.mstyrsovatc.cz\/\",\"name\":\"M\\u0160 Tyr\\u0161ova Tachov\",\"description\":\"\",\"publisher\":{\"@id\":\"https:\/\/www.mstyrsovatc.cz\/#\/schema\/person\/9f73b07ad3eda6cbbd9b62821097625a\"},\"potentialAction\":[{\"@type\":\"SearchAction\",\"target\":\"https:\/\/www.mstyrsovatc.cz\/?s={search_term_string}\",\"query-input\":\"required name=search_term_string\"}],\"inLanguage\":\"cs\"},{\"@type\":\"WebPage\",\"@id\":\"http:\/\/www.mstyrsovatc.cz\/?page_id=1068#webpage\",\"url\":\"http:\/\/www.mstyrsovatc.cz\/?page_id=1068\",\"name\":\"Projekty M\\u0160 - M\\u0160 Tyr\\u0161ova Tachov\",\"isPartOf\":{\"@id\":\"https:\/\/www.mstyrsovatc.cz\/#website\"},\"datePublished\":\"2021-11-05T22:17:14+00:00\",\"dateModified\":\"2026-01-21T07:24:24+00:00\",\"inLanguage\":\"cs\",\"potentialAction\":[{\"@type\":\"ReadAction\",\"target\":[\"http:\/\/www.mstyrsovatc.cz\/?page_id=1068\"]}]}]}<\/script>\n<!-- \/ Yoast SEO plugin. -->","_links":{"self":[{"href":"https:\/\/www.mstyrsovatc.cz\/index.php?rest_route=\/wp\/v2\/pages\/1068","targetHints":{"allow":["GET"]}}],"collection":[{"href":"https:\/\/www.mstyrsovatc.cz\/index.php?rest_route=\/wp\/v2\/pages"}],"about":[{"href":"https:\/\/www.mstyrsovatc.cz\/index.php?rest_route=\/wp\/v2\/types\/page"}],"author":[{"embeddable":true,"href":"https:\/\/www.mstyrsovatc.cz\/index.php?rest_route=\/wp\/v2\/users\/1"}],"replies":[{"embeddable":true,"href":"https:\/\/www.mstyrsovatc.cz\/index.php?rest_route=%2Fwp%2Fv2%2Fcomments&post=1068"}],"version-history":[{"count":14,"href":"https:\/\/www.mstyrsovatc.cz\/index.php?rest_route=\/wp\/v2\/pages\/1068\/revisions"}],"predecessor-version":[{"id":3726,"href":"https:\/\/www.mstyrsovatc.cz\/index.php?rest_route=\/wp\/v2\/pages\/1068\/revisions\/3726"}],"up":[{"embeddable":true,"href":"https:\/\/www.mstyrsovatc.cz\/index.php?rest_route=\/wp\/v2\/pages\/16"}],"wp:attachment":[{"href":"https:\/\/www.mstyrsovatc.cz\/index.php?rest_route=%2Fwp%2Fv2%2Fmedia&parent=1068"}],"curies":[{"name":"wp","href":"https:\/\/api.w.org\/{rel}","templated":true}]}}