{"id":1086,"date":"2021-11-05T22:46:33","date_gmt":"2021-11-05T22:46:33","guid":{"rendered":"http:\/\/www.mstyrsovatc.cz\/?page_id=1086"},"modified":"2021-11-05T22:46:33","modified_gmt":"2021-11-05T22:46:33","slug":"rozvoj-ms-tachov-tyrsova-ii","status":"publish","type":"page","link":"https:\/\/www.mstyrsovatc.cz\/?page_id=1086","title":{"rendered":"Rozvoj M\u0160 Tachov Tyr\u0161ova II"},"content":{"rendered":"<p><img loading=\"lazy\" decoding=\"async\" class=\"alignnone  wp-image-1079\" src=\"http:\/\/www.mstyrsovatc.cz\/wp-content\/uploads\/2021\/11\/logo-300x67.png\" alt=\"\" width=\"976\" height=\"218\" srcset=\"https:\/\/www.mstyrsovatc.cz\/wp-content\/uploads\/2021\/11\/logo-300x67.png 300w, https:\/\/www.mstyrsovatc.cz\/wp-content\/uploads\/2021\/11\/logo-768x171.png 768w, https:\/\/www.mstyrsovatc.cz\/wp-content\/uploads\/2021\/11\/logo.png 945w\" sizes=\"auto, (max-width: 976px) 100vw, 976px\" \/><\/p>\n<p>Mate\u0159sk\u00e1 \u0161kola Tachov, Tyr\u0161ova 1546, p\u0159\u00edsp\u011bvkov\u00e1 organizace se s\u00eddlem Tyr\u0161ova 1546, 347 01 Tachov, I\u010c: 750 06 863 realizuje od 1. 9. 2019 projekt s\u00a0n\u00e1zvem<\/p>\n<p><strong>\u201eRozvoj M\u0160 Tachov Tyr\u0161ova II\u201c s reg. \u010d. \u201eCZ.02.3.X\/0.0\/0.0\/18_063\/0014541<\/strong><strong>\u201c.<\/strong><\/p>\n<p>Doba trv\u00e1n\u00ed projektu je 24 m\u011bs\u00edc\u016f, c\u00edlem projektu je zvy\u0161ov\u00e1n\u00ed kvality vzd\u011bl\u00e1v\u00e1n\u00ed a v\u00fdchovy d\u011bt\u00ed prost\u0159ednictv\u00edm vzd\u011bl\u00e1v\u00e1n\u00ed pedagog\u016f, \u0161koln\u00edho asistenta \u2013 person\u00e1ln\u00ed podpory M\u0160 a realizace projektov\u00fdch dn\u016f ve \u0161kole a mimo \u0161kolu.<\/p>\n<p><strong>Projekt je spolufinancov\u00e1n Evropskou uni\u00ed.<\/strong><\/p>\n<p>&nbsp;<\/p>\n","protected":false},"excerpt":{"rendered":"<p>Mate\u0159sk\u00e1 \u0161kola Tachov, Tyr\u0161ova 1546, p\u0159\u00edsp\u011bvkov\u00e1 organizace se s\u00eddlem Tyr\u0161ova 1546, 347 01 Tachov, I\u010c: 750 06 863 realizuje od &hellip; <\/p>\n","protected":false},"author":1,"featured_media":0,"parent":1068,"menu_order":0,"comment_status":"closed","ping_status":"closed","template":"","meta":{"footnotes":""},"class_list":["post-1086","page","type-page","status-publish","hentry"],"yoast_head":"<!-- This site is optimized with the Yoast SEO plugin v14.7 - https:\/\/yoast.com\/wordpress\/plugins\/seo\/ -->\n<title>Rozvoj M\u0160 Tachov Tyr\u0161ova II - M\u0160 Tyr\u0161ova Tachov<\/title>\n<meta name=\"robots\" content=\"index, follow\" \/>\n<meta name=\"googlebot\" content=\"index, follow, max-snippet:-1, max-image-preview:large, max-video-preview:-1\" \/>\n<meta name=\"bingbot\" content=\"index, follow, max-snippet:-1, max-image-preview:large, max-video-preview:-1\" \/>\n<link rel=\"canonical\" href=\"http:\/\/www.mstyrsovatc.cz\/?page_id=1086\" \/>\n<meta property=\"og:locale\" content=\"cs_CZ\" \/>\n<meta property=\"og:type\" content=\"article\" \/>\n<meta property=\"og:title\" content=\"Rozvoj M\u0160 Tachov Tyr\u0161ova II - M\u0160 Tyr\u0161ova Tachov\" \/>\n<meta property=\"og:description\" content=\"Mate\u0159sk\u00e1 \u0161kola Tachov, Tyr\u0161ova 1546, p\u0159\u00edsp\u011bvkov\u00e1 organizace se s\u00eddlem Tyr\u0161ova 1546, 347 01 Tachov, I\u010c: 750 06 863 realizuje od &hellip;\" \/>\n<meta property=\"og:url\" content=\"http:\/\/www.mstyrsovatc.cz\/?page_id=1086\" \/>\n<meta property=\"og:site_name\" content=\"M\u0160 Tyr\u0161ova Tachov\" \/>\n<meta property=\"og:image\" content=\"http:\/\/www.mstyrsovatc.cz\/wp-content\/uploads\/2021\/11\/logo-300x67.png\" \/>\n<meta name=\"twitter:card\" content=\"summary_large_image\" \/>\n<script type=\"application\/ld+json\" class=\"yoast-schema-graph\">{\"@context\":\"https:\/\/schema.org\",\"@graph\":[{\"@type\":[\"Person\",\"Organization\"],\"@id\":\"https:\/\/www.mstyrsovatc.cz\/#\/schema\/person\/9f73b07ad3eda6cbbd9b62821097625a\",\"name\":\"mstyrsovatc\",\"logo\":{\"@id\":\"https:\/\/www.mstyrsovatc.cz\/#personlogo\"}},{\"@type\":\"WebSite\",\"@id\":\"https:\/\/www.mstyrsovatc.cz\/#website\",\"url\":\"https:\/\/www.mstyrsovatc.cz\/\",\"name\":\"M\\u0160 Tyr\\u0161ova Tachov\",\"description\":\"\",\"publisher\":{\"@id\":\"https:\/\/www.mstyrsovatc.cz\/#\/schema\/person\/9f73b07ad3eda6cbbd9b62821097625a\"},\"potentialAction\":[{\"@type\":\"SearchAction\",\"target\":\"https:\/\/www.mstyrsovatc.cz\/?s={search_term_string}\",\"query-input\":\"required name=search_term_string\"}],\"inLanguage\":\"cs\"},{\"@type\":\"ImageObject\",\"@id\":\"http:\/\/www.mstyrsovatc.cz\/?page_id=1086#primaryimage\",\"inLanguage\":\"cs\",\"url\":\"http:\/\/www.mstyrsovatc.cz\/wp-content\/uploads\/2021\/11\/logo-300x67.png\"},{\"@type\":\"WebPage\",\"@id\":\"http:\/\/www.mstyrsovatc.cz\/?page_id=1086#webpage\",\"url\":\"http:\/\/www.mstyrsovatc.cz\/?page_id=1086\",\"name\":\"Rozvoj M\\u0160 Tachov Tyr\\u0161ova II - M\\u0160 Tyr\\u0161ova Tachov\",\"isPartOf\":{\"@id\":\"https:\/\/www.mstyrsovatc.cz\/#website\"},\"primaryImageOfPage\":{\"@id\":\"http:\/\/www.mstyrsovatc.cz\/?page_id=1086#primaryimage\"},\"datePublished\":\"2021-11-05T22:46:33+00:00\",\"dateModified\":\"2021-11-05T22:46:33+00:00\",\"inLanguage\":\"cs\",\"potentialAction\":[{\"@type\":\"ReadAction\",\"target\":[\"http:\/\/www.mstyrsovatc.cz\/?page_id=1086\"]}]}]}<\/script>\n<!-- \/ Yoast SEO plugin. -->","_links":{"self":[{"href":"https:\/\/www.mstyrsovatc.cz\/index.php?rest_route=\/wp\/v2\/pages\/1086","targetHints":{"allow":["GET"]}}],"collection":[{"href":"https:\/\/www.mstyrsovatc.cz\/index.php?rest_route=\/wp\/v2\/pages"}],"about":[{"href":"https:\/\/www.mstyrsovatc.cz\/index.php?rest_route=\/wp\/v2\/types\/page"}],"author":[{"embeddable":true,"href":"https:\/\/www.mstyrsovatc.cz\/index.php?rest_route=\/wp\/v2\/users\/1"}],"replies":[{"embeddable":true,"href":"https:\/\/www.mstyrsovatc.cz\/index.php?rest_route=%2Fwp%2Fv2%2Fcomments&post=1086"}],"version-history":[{"count":1,"href":"https:\/\/www.mstyrsovatc.cz\/index.php?rest_route=\/wp\/v2\/pages\/1086\/revisions"}],"predecessor-version":[{"id":1087,"href":"https:\/\/www.mstyrsovatc.cz\/index.php?rest_route=\/wp\/v2\/pages\/1086\/revisions\/1087"}],"up":[{"embeddable":true,"href":"https:\/\/www.mstyrsovatc.cz\/index.php?rest_route=\/wp\/v2\/pages\/1068"}],"wp:attachment":[{"href":"https:\/\/www.mstyrsovatc.cz\/index.php?rest_route=%2Fwp%2Fv2%2Fmedia&parent=1086"}],"curies":[{"name":"wp","href":"https:\/\/api.w.org\/{rel}","templated":true}]}}