{"id":1560,"date":"2023-06-06T09:31:05","date_gmt":"2023-06-06T09:31:05","guid":{"rendered":"http:\/\/www.mstyrsovatc.cz\/?page_id=1560"},"modified":"2023-06-06T11:16:17","modified_gmt":"2023-06-06T11:16:17","slug":"projekt-modernizace-tridy-ciperek","status":"publish","type":"page","link":"https:\/\/www.mstyrsovatc.cz\/?page_id=1560","title":{"rendered":"Projekt MODERNIZACE T\u0158\u00cdDY \u010cIPEREK"},"content":{"rendered":"<p><span style=\"color: #99cc00;\"><strong>Projekt<\/strong><\/span><br \/>\n<span style=\"color: #99cc00;\">MODERNIZACE T\u0158\u00cdDY \u010cIPEREK<\/span> je spolufinancov\u00e1n Evropskou uni\u00ed.<br \/>\nC\u00edlem projektu je celkov\u00e1 rekonstrukce a modernizace t\u0159\u00eddy vedouc\u00ed k zaji\u0161t\u011bn\u00ed kvalitn\u00ed ob\u010dansk\u00e9 vybavenosti a zkvalitn\u011bn\u00ed vzd\u011bl\u00e1v\u00e1n\u00ed d\u011bt\u00ed ve v\u0161ech jeho oblastech.<\/p>\n<p><img loading=\"lazy\" decoding=\"async\" class=\"n3VNCb\" src=\"https:\/\/upload.wikimedia.org\/wikipedia\/commons\/thumb\/b\/b7\/Flag_of_Europe.svg\/1200px-Flag_of_Europe.svg.png\" alt=\"Evropsk\u00e1 unie \u2013 Wikipedie\" width=\"281\" height=\"187\" data-noaft=\"1\" \/>\u00a0\u00a0\u00a0\u00a0\u00a0<img loading=\"lazy\" decoding=\"async\" class=\"n3VNCb\" src=\"http:\/\/bumms.ucoz.com\/dazadi_logo\/leader_logo_318df.jpg\" alt=\"BUMMS\" width=\"186\" height=\"186\" data-noaft=\"1\" \/><br \/>\nEVROPSK\u00c1 UNIE<br \/>\nEvropsk\u00fd zem\u011bd\u011blsk\u00fd fond pro rozvoj venkova<br \/>\nEvropa investuje do venkovsk\u00fdch oblast\u00ed<br \/>\nProgram rozvoje venkova<\/p>\n<p><img loading=\"lazy\" decoding=\"async\" class=\"wp-image-1562 alignleft\" src=\"http:\/\/www.mstyrsovatc.cz\/wp-content\/uploads\/2023\/06\/mode.-t\u0159\u00eddyy-300x228.png\" alt=\"\" width=\"452\" height=\"344\" srcset=\"https:\/\/www.mstyrsovatc.cz\/wp-content\/uploads\/2023\/06\/mode.-t\u0159\u00eddyy-300x228.png 300w, https:\/\/www.mstyrsovatc.cz\/wp-content\/uploads\/2023\/06\/mode.-t\u0159\u00eddyy.png 730w\" sizes=\"auto, (max-width: 452px) 100vw, 452px\" \/><\/p>\n","protected":false},"excerpt":{"rendered":"<p>Projekt MODERNIZACE T\u0158\u00cdDY \u010cIPEREK je spolufinancov\u00e1n Evropskou uni\u00ed. C\u00edlem projektu je celkov\u00e1 rekonstrukce a modernizace t\u0159\u00eddy vedouc\u00ed k zaji\u0161t\u011bn\u00ed kvalitn\u00ed &hellip; <\/p>\n","protected":false},"author":1,"featured_media":0,"parent":1068,"menu_order":0,"comment_status":"closed","ping_status":"closed","template":"","meta":{"footnotes":""},"class_list":["post-1560","page","type-page","status-publish","hentry"],"yoast_head":"<!-- This site is optimized with the Yoast SEO plugin v14.7 - https:\/\/yoast.com\/wordpress\/plugins\/seo\/ -->\n<title>Projekt MODERNIZACE T\u0158\u00cdDY \u010cIPEREK - M\u0160 Tyr\u0161ova Tachov<\/title>\n<meta name=\"robots\" content=\"index, follow\" \/>\n<meta name=\"googlebot\" content=\"index, follow, max-snippet:-1, max-image-preview:large, max-video-preview:-1\" \/>\n<meta name=\"bingbot\" content=\"index, follow, max-snippet:-1, max-image-preview:large, max-video-preview:-1\" \/>\n<link rel=\"canonical\" href=\"http:\/\/www.mstyrsovatc.cz\/?page_id=1560\" \/>\n<meta property=\"og:locale\" content=\"cs_CZ\" \/>\n<meta property=\"og:type\" content=\"article\" \/>\n<meta property=\"og:title\" content=\"Projekt MODERNIZACE T\u0158\u00cdDY \u010cIPEREK - M\u0160 Tyr\u0161ova Tachov\" \/>\n<meta property=\"og:description\" content=\"Projekt MODERNIZACE T\u0158\u00cdDY \u010cIPEREK je spolufinancov\u00e1n Evropskou uni\u00ed. C\u00edlem projektu je celkov\u00e1 rekonstrukce a modernizace t\u0159\u00eddy vedouc\u00ed k zaji\u0161t\u011bn\u00ed kvalitn\u00ed &hellip;\" \/>\n<meta property=\"og:url\" content=\"http:\/\/www.mstyrsovatc.cz\/?page_id=1560\" \/>\n<meta property=\"og:site_name\" content=\"M\u0160 Tyr\u0161ova Tachov\" \/>\n<meta property=\"article:modified_time\" content=\"2023-06-06T11:16:17+00:00\" \/>\n<meta property=\"og:image\" content=\"https:\/\/upload.wikimedia.org\/wikipedia\/commons\/thumb\/b\/b7\/Flag_of_Europe.svg\/1200px-Flag_of_Europe.svg.png\" \/>\n<meta name=\"twitter:card\" content=\"summary_large_image\" \/>\n<script type=\"application\/ld+json\" class=\"yoast-schema-graph\">{\"@context\":\"https:\/\/schema.org\",\"@graph\":[{\"@type\":[\"Person\",\"Organization\"],\"@id\":\"https:\/\/www.mstyrsovatc.cz\/#\/schema\/person\/9f73b07ad3eda6cbbd9b62821097625a\",\"name\":\"mstyrsovatc\",\"logo\":{\"@id\":\"https:\/\/www.mstyrsovatc.cz\/#personlogo\"}},{\"@type\":\"WebSite\",\"@id\":\"https:\/\/www.mstyrsovatc.cz\/#website\",\"url\":\"https:\/\/www.mstyrsovatc.cz\/\",\"name\":\"M\\u0160 Tyr\\u0161ova Tachov\",\"description\":\"\",\"publisher\":{\"@id\":\"https:\/\/www.mstyrsovatc.cz\/#\/schema\/person\/9f73b07ad3eda6cbbd9b62821097625a\"},\"potentialAction\":[{\"@type\":\"SearchAction\",\"target\":\"https:\/\/www.mstyrsovatc.cz\/?s={search_term_string}\",\"query-input\":\"required name=search_term_string\"}],\"inLanguage\":\"cs\"},{\"@type\":\"ImageObject\",\"@id\":\"http:\/\/www.mstyrsovatc.cz\/?page_id=1560#primaryimage\",\"inLanguage\":\"cs\",\"url\":\"https:\/\/upload.wikimedia.org\/wikipedia\/commons\/thumb\/b\/b7\/Flag_of_Europe.svg\/1200px-Flag_of_Europe.svg.png\"},{\"@type\":\"WebPage\",\"@id\":\"http:\/\/www.mstyrsovatc.cz\/?page_id=1560#webpage\",\"url\":\"http:\/\/www.mstyrsovatc.cz\/?page_id=1560\",\"name\":\"Projekt MODERNIZACE T\\u0158\\u00cdDY \\u010cIPEREK - M\\u0160 Tyr\\u0161ova Tachov\",\"isPartOf\":{\"@id\":\"https:\/\/www.mstyrsovatc.cz\/#website\"},\"primaryImageOfPage\":{\"@id\":\"http:\/\/www.mstyrsovatc.cz\/?page_id=1560#primaryimage\"},\"datePublished\":\"2023-06-06T09:31:05+00:00\",\"dateModified\":\"2023-06-06T11:16:17+00:00\",\"inLanguage\":\"cs\",\"potentialAction\":[{\"@type\":\"ReadAction\",\"target\":[\"http:\/\/www.mstyrsovatc.cz\/?page_id=1560\"]}]}]}<\/script>\n<!-- \/ Yoast SEO plugin. -->","_links":{"self":[{"href":"https:\/\/www.mstyrsovatc.cz\/index.php?rest_route=\/wp\/v2\/pages\/1560","targetHints":{"allow":["GET"]}}],"collection":[{"href":"https:\/\/www.mstyrsovatc.cz\/index.php?rest_route=\/wp\/v2\/pages"}],"about":[{"href":"https:\/\/www.mstyrsovatc.cz\/index.php?rest_route=\/wp\/v2\/types\/page"}],"author":[{"embeddable":true,"href":"https:\/\/www.mstyrsovatc.cz\/index.php?rest_route=\/wp\/v2\/users\/1"}],"replies":[{"embeddable":true,"href":"https:\/\/www.mstyrsovatc.cz\/index.php?rest_route=%2Fwp%2Fv2%2Fcomments&post=1560"}],"version-history":[{"count":4,"href":"https:\/\/www.mstyrsovatc.cz\/index.php?rest_route=\/wp\/v2\/pages\/1560\/revisions"}],"predecessor-version":[{"id":1568,"href":"https:\/\/www.mstyrsovatc.cz\/index.php?rest_route=\/wp\/v2\/pages\/1560\/revisions\/1568"}],"up":[{"embeddable":true,"href":"https:\/\/www.mstyrsovatc.cz\/index.php?rest_route=\/wp\/v2\/pages\/1068"}],"wp:attachment":[{"href":"https:\/\/www.mstyrsovatc.cz\/index.php?rest_route=%2Fwp%2Fv2%2Fmedia&parent=1560"}],"curies":[{"name":"wp","href":"https:\/\/api.w.org\/{rel}","templated":true}]}}