{"id":1580,"date":"2023-07-19T08:25:42","date_gmt":"2023-07-19T08:25:42","guid":{"rendered":"http:\/\/www.mstyrsovatc.cz\/?page_id=1580"},"modified":"2023-07-19T08:29:58","modified_gmt":"2023-07-19T08:29:58","slug":"projekt-rozvoj-ms-tyrsova-i-op-jak","status":"publish","type":"page","link":"https:\/\/www.mstyrsovatc.cz\/?page_id=1580","title":{"rendered":"Projekt &#8211; Rozvoj M\u0160 Tyr\u0161ova I OP JAK"},"content":{"rendered":"<p><span style=\"color: #99cc00;\"><a style=\"color: #99cc00;\" href=\"http:\/\/www.mstyrsovatc.cz\/wp-content\/uploads\/2023\/07\/A3-plakat-publicita-MS-Tyrsova.pdf\">Projekt &#8211; M\u0160 Tyr\u0161ova I OP JAK &#8211; publicita.pdf\u00a0<\/a><\/span><\/p>\n<p><img loading=\"lazy\" decoding=\"async\" class=\"alignnone wp-image-1581\" src=\"http:\/\/www.mstyrsovatc.cz\/wp-content\/uploads\/2023\/07\/Publicita-OP-JAK-1-MS-Tyrsova-218x300.png\" alt=\"\" width=\"289\" height=\"398\" srcset=\"https:\/\/www.mstyrsovatc.cz\/wp-content\/uploads\/2023\/07\/Publicita-OP-JAK-1-MS-Tyrsova-218x300.png 218w, https:\/\/www.mstyrsovatc.cz\/wp-content\/uploads\/2023\/07\/Publicita-OP-JAK-1-MS-Tyrsova.png 690w\" sizes=\"auto, (max-width: 289px) 100vw, 289px\" \/><\/p>\n","protected":false},"excerpt":{"rendered":"<p>Projekt &#8211; M\u0160 Tyr\u0161ova I OP JAK &#8211; publicita.pdf\u00a0<\/p>\n","protected":false},"author":1,"featured_media":0,"parent":1068,"menu_order":0,"comment_status":"closed","ping_status":"closed","template":"","meta":{"footnotes":""},"class_list":["post-1580","page","type-page","status-publish","hentry"],"yoast_head":"<!-- This site is optimized with the Yoast SEO plugin v14.7 - https:\/\/yoast.com\/wordpress\/plugins\/seo\/ -->\n<title>Projekt - Rozvoj M\u0160 Tyr\u0161ova I OP JAK - M\u0160 Tyr\u0161ova Tachov<\/title>\n<meta name=\"robots\" content=\"index, follow\" \/>\n<meta name=\"googlebot\" content=\"index, follow, max-snippet:-1, max-image-preview:large, max-video-preview:-1\" \/>\n<meta name=\"bingbot\" content=\"index, follow, max-snippet:-1, max-image-preview:large, max-video-preview:-1\" \/>\n<link rel=\"canonical\" href=\"http:\/\/www.mstyrsovatc.cz\/?page_id=1580\" \/>\n<meta property=\"og:locale\" content=\"cs_CZ\" \/>\n<meta property=\"og:type\" content=\"article\" \/>\n<meta property=\"og:title\" content=\"Projekt - Rozvoj M\u0160 Tyr\u0161ova I OP JAK - M\u0160 Tyr\u0161ova Tachov\" \/>\n<meta property=\"og:description\" content=\"Projekt &#8211; M\u0160 Tyr\u0161ova I OP JAK &#8211; publicita.pdf\u00a0\" \/>\n<meta property=\"og:url\" content=\"http:\/\/www.mstyrsovatc.cz\/?page_id=1580\" \/>\n<meta property=\"og:site_name\" content=\"M\u0160 Tyr\u0161ova Tachov\" \/>\n<meta property=\"article:modified_time\" content=\"2023-07-19T08:29:58+00:00\" \/>\n<meta property=\"og:image\" content=\"http:\/\/www.mstyrsovatc.cz\/wp-content\/uploads\/2023\/07\/Publicita-OP-JAK-1-MS-Tyrsova-218x300.png\" \/>\n<meta name=\"twitter:card\" content=\"summary_large_image\" \/>\n<script type=\"application\/ld+json\" class=\"yoast-schema-graph\">{\"@context\":\"https:\/\/schema.org\",\"@graph\":[{\"@type\":[\"Person\",\"Organization\"],\"@id\":\"https:\/\/www.mstyrsovatc.cz\/#\/schema\/person\/9f73b07ad3eda6cbbd9b62821097625a\",\"name\":\"mstyrsovatc\",\"logo\":{\"@id\":\"https:\/\/www.mstyrsovatc.cz\/#personlogo\"}},{\"@type\":\"WebSite\",\"@id\":\"https:\/\/www.mstyrsovatc.cz\/#website\",\"url\":\"https:\/\/www.mstyrsovatc.cz\/\",\"name\":\"M\\u0160 Tyr\\u0161ova Tachov\",\"description\":\"\",\"publisher\":{\"@id\":\"https:\/\/www.mstyrsovatc.cz\/#\/schema\/person\/9f73b07ad3eda6cbbd9b62821097625a\"},\"potentialAction\":[{\"@type\":\"SearchAction\",\"target\":\"https:\/\/www.mstyrsovatc.cz\/?s={search_term_string}\",\"query-input\":\"required name=search_term_string\"}],\"inLanguage\":\"cs\"},{\"@type\":\"ImageObject\",\"@id\":\"http:\/\/www.mstyrsovatc.cz\/?page_id=1580#primaryimage\",\"inLanguage\":\"cs\",\"url\":\"http:\/\/www.mstyrsovatc.cz\/wp-content\/uploads\/2023\/07\/Publicita-OP-JAK-1-MS-Tyrsova-218x300.png\"},{\"@type\":\"WebPage\",\"@id\":\"http:\/\/www.mstyrsovatc.cz\/?page_id=1580#webpage\",\"url\":\"http:\/\/www.mstyrsovatc.cz\/?page_id=1580\",\"name\":\"Projekt - Rozvoj M\\u0160 Tyr\\u0161ova I OP JAK - M\\u0160 Tyr\\u0161ova Tachov\",\"isPartOf\":{\"@id\":\"https:\/\/www.mstyrsovatc.cz\/#website\"},\"primaryImageOfPage\":{\"@id\":\"http:\/\/www.mstyrsovatc.cz\/?page_id=1580#primaryimage\"},\"datePublished\":\"2023-07-19T08:25:42+00:00\",\"dateModified\":\"2023-07-19T08:29:58+00:00\",\"inLanguage\":\"cs\",\"potentialAction\":[{\"@type\":\"ReadAction\",\"target\":[\"http:\/\/www.mstyrsovatc.cz\/?page_id=1580\"]}]}]}<\/script>\n<!-- \/ Yoast SEO plugin. -->","_links":{"self":[{"href":"https:\/\/www.mstyrsovatc.cz\/index.php?rest_route=\/wp\/v2\/pages\/1580","targetHints":{"allow":["GET"]}}],"collection":[{"href":"https:\/\/www.mstyrsovatc.cz\/index.php?rest_route=\/wp\/v2\/pages"}],"about":[{"href":"https:\/\/www.mstyrsovatc.cz\/index.php?rest_route=\/wp\/v2\/types\/page"}],"author":[{"embeddable":true,"href":"https:\/\/www.mstyrsovatc.cz\/index.php?rest_route=\/wp\/v2\/users\/1"}],"replies":[{"embeddable":true,"href":"https:\/\/www.mstyrsovatc.cz\/index.php?rest_route=%2Fwp%2Fv2%2Fcomments&post=1580"}],"version-history":[{"count":4,"href":"https:\/\/www.mstyrsovatc.cz\/index.php?rest_route=\/wp\/v2\/pages\/1580\/revisions"}],"predecessor-version":[{"id":1587,"href":"https:\/\/www.mstyrsovatc.cz\/index.php?rest_route=\/wp\/v2\/pages\/1580\/revisions\/1587"}],"up":[{"embeddable":true,"href":"https:\/\/www.mstyrsovatc.cz\/index.php?rest_route=\/wp\/v2\/pages\/1068"}],"wp:attachment":[{"href":"https:\/\/www.mstyrsovatc.cz\/index.php?rest_route=%2Fwp%2Fv2%2Fmedia&parent=1580"}],"curies":[{"name":"wp","href":"https:\/\/api.w.org\/{rel}","templated":true}]}}