{"id":280,"date":"2020-06-08T17:13:28","date_gmt":"2020-06-08T17:13:28","guid":{"rendered":"http:\/\/www.mstyrsovatc.cz\/?page_id=280"},"modified":"2026-01-28T13:14:30","modified_gmt":"2026-01-28T13:14:30","slug":"rozpocet","status":"publish","type":"page","link":"https:\/\/www.mstyrsovatc.cz\/?page_id=280","title":{"rendered":"Rozpo\u010det"},"content":{"rendered":"<div>\n<div>\n<div>\n<div>\n<div>\n<div>\n<div>\n<div>Rozpo\u010det na rok 2026 byl schv\u00e1len na sch\u016fzi \u010d.73 usnesen\u00edm Rady m\u011bsta Tachova\u00a0 \u010d.1844 a) dne 17.prosince 2025.<\/div>\n<div>St\u0159edn\u011bdob\u00fd v\u00fdhled rozpo\u010dtu na rok 2027 a 2028 byl schv\u00e1len na sch\u016fzi \u010d.73 usnesen\u00edm Rady m\u011bsta Tachova\u00a0 \u010d.1844 b) dne 17.prosince 2025.<\/div>\n<div>Vyv\u011b\u0161eno dne 10.1.2026<\/div>\n<\/div>\n<div><span style=\"color: #99cc00;\"><a style=\"color: #99cc00;\" href=\"http:\/\/www.mstyrsovatc.cz\/wp-content\/uploads\/2026\/01\/Schv\u00e1len\u00fd-rozpo\u010det-na-rok-2026.pdf\">Schv\u00e1len\u00fd rozpo\u010det na rok 2026<\/a><\/span><\/div>\n<div><span style=\"color: #99cc00;\"><a style=\"color: #99cc00;\" href=\"http:\/\/www.mstyrsovatc.cz\/wp-content\/uploads\/2026\/01\/Schv\u00e1len\u00fd-st\u0159edn\u011bdob\u00fd-v\u00fdhled-rozpo\u010dtu-na-rok-2027-a-2028.pdf\">Schv\u00e1len\u00fd st\u0159edn\u011bdob\u00fd v\u00fdhled rozpo\u010dtu na rok 2027 a 2028<\/a><\/span><\/div>\n<div><\/div>\n<div>\n<hr \/>\n<\/div>\n<div>Rozpo\u010det na rok 2025 byl schv\u00e1len usnesen\u00edm Rady m\u011bsta Tachova \u010d. 1297 a) dne 20.12.2024.<\/div>\n<div>St\u0159edn\u011bdob\u00fd v\u00fdhled rozpo\u010dtu na rok 2026 a 2027 byl schv\u00e1len usnesen\u00edm Rady m\u011bsta Tachova \u010d. 1297 b) dne 20.12.2024.<\/div>\n<\/div>\n<div>Vyv\u011b\u0161eno dne 20.1.2025<\/div>\n<div><span style=\"color: #99cc00;\"><a style=\"color: #99cc00;\" href=\"http:\/\/www.mstyrsovatc.cz\/wp-content\/uploads\/2025\/02\/Schv\u00e1len\u00fd-rozpo\u010det-na-rok-2025.pdf\">Schv\u00e1len\u00fd rozpo\u010det na rok 2025<\/a><\/span><\/div>\n<div><span style=\"color: #99cc00;\"><a style=\"color: #99cc00;\" href=\"http:\/\/www.mstyrsovatc.cz\/wp-content\/uploads\/2025\/02\/Schv\u00e1len\u00fd-st\u0159edn\u011bdob\u00fd-v\u00fdhled-rozpo\u010dtu-na-rok-2026-a-2027.pdf\">Schv\u00e1len\u00fd st\u0159edn\u011bdob\u00fd v\u00fdhled rozpo\u010dtu na rok 2026 a 2027<\/a><\/span><\/div>\n<\/div>\n<div><\/div>\n<\/div>\n<div>\n<hr \/>\n<\/div>\n<div>\n<div><\/div>\n<div>Rozpo\u010det na rok 2024 byl schv\u00e1len usnesen\u00edm Rady m\u011bsta Tachova \u010d. 704 a) dne 20.12.2023.<\/div>\n<div>St\u0159edn\u011bdob\u00fd v\u00fdhled rozpo\u010dtu na rok 2024 a 2025 byl schv\u00e1len usnesen\u00edm Rady m\u011bsta Tachova \u010d. 704 b) dne 20.12.2023.<\/div>\n<\/div>\n<div>Vyv\u011b\u0161eno dne 10.1.2024<\/div>\n<\/div>\n<div><span style=\"color: #99cc00;\"><a style=\"color: #99cc00;\" href=\"http:\/\/www.mstyrsovatc.cz\/wp-content\/uploads\/2024\/01\/Schv\u00e1len\u00fd-rozpo\u010det-2024.pdf\">Schv\u00e1len\u00fd rozpo\u010det 2024<\/a><\/span><\/div>\n<div><span style=\"color: #99cc00;\"><a style=\"color: #99cc00;\" href=\"http:\/\/www.mstyrsovatc.cz\/wp-content\/uploads\/2024\/01\/Schv\u00e1len\u00fd-st\u0159edn\u011bdob\u00ed-v\u00fdhled-rozpo\u010dtu-na-rok-2024-a-2025.pdf\">Schv\u00e1len\u00fd st\u0159edn\u011bdob\u00ed v\u00fdhled rozpo\u010dtu na rok 2024 a 2025<\/a><\/span><\/div>\n<div><\/div>\n<div>\n<hr \/>\n<\/div>\n<div>Rozpo\u010det na rok 2023 byl schv\u00e1len usnesen\u00edm Rady m\u011bsta Tachova \u010d. 82 a) dne 21.12.2022.<\/div>\n<div>St\u0159edn\u011bdob\u00fd v\u00fdhled rozpo\u010dtu na rok 2024 a 2025 byl schv\u00e1len usnesen\u00edm Rady m\u011bsta Tachova \u010d. 82 b) dne 21.12.2022.<\/div>\n<\/div>\n<div>Vyv\u011b\u0161eno dne 9.1.2023<\/div>\n<div><span style=\"color: #99cc00;\"><a style=\"color: #99cc00;\" href=\"http:\/\/www.mstyrsovatc.cz\/wp-content\/uploads\/2023\/01\/Skener_20230112.pdf\">Schv\u00e1len\u00fd rozpo\u010det na rok 2023<\/a>\u00a0<\/span><\/div>\n<div><span style=\"color: #99cc00;\"><a style=\"color: #99cc00;\" href=\"http:\/\/www.mstyrsovatc.cz\/wp-content\/uploads\/2023\/01\/Skener_20230112-2.pdf\">Schv\u00e1len\u00fd st\u0159edn\u011bdob\u00fd v\u00fdhled rozpo\u010dtu na rok 2024 a 2025<\/a><\/span><\/div>\n<div><\/div>\n<div>\n<hr \/>\n<\/div>\n<div>Rozpo\u010det na rok 2022 byl schv\u00e1len usnesen\u00edm Rady m\u011bsta Tachova (na sch\u016fzi \u010d.64) \u010d. 1700 dne 22.12.2021.<\/div>\n<\/div>\n<div>\n<div>\n<div>St\u0159edn\u011bdob\u00fd v\u00fdhled rozpo\u010dtu na rok 2023 a 2024 byl schv\u00e1len usnesen\u00edm Rady m\u011bsta Tachova \u010d. 1700 dne 22.12.2021.<\/div>\n<\/div>\n<div>Vyv\u011b\u0161eno dne 10.1.2022<\/div>\n<div><span style=\"color: #99cc00;\"><a style=\"color: #99cc00;\" href=\"http:\/\/www.mstyrsovatc.cz\/wp-content\/uploads\/2022\/01\/BRW7440BBAA38E5_005778.pdf\">Schv\u00e1len\u00fd rozpo\u010det na rok 2022<\/a><\/span><\/div>\n<div><span style=\"color: #99cc00;\"><a style=\"color: #99cc00;\" href=\"http:\/\/www.mstyrsovatc.cz\/wp-content\/uploads\/2022\/01\/BRW7440BBAA38E5_005779.pdf\"> Schv\u00e1len\u00fd st\u0159edn\u011bdob\u00fd v\u00fdhled rozpo\u010dtu na rok 2023 a 2024<\/a><\/span><\/div>\n<div><\/div>\n<hr \/>\n<\/div>\n<div>\n<div>Rozpo\u010det na rok 2021 byl schv\u00e1len usnesen\u00edm Rady m\u011bsta Tachova \u010d. 390 dne 14.12.2020.<\/div>\n<div>St\u0159edn\u011bdob\u00fd v\u00fdhled rozpo\u010dtu na rok 2021 a 2022 byl schv\u00e1len usnesen\u00edm Rady m\u011bsta Tachova \u010d.390 dne 14.12.20120.<\/div>\n<\/div>\n<div>Vyv\u011b\u0161eno dne 15.3.2021<\/div>\n<div><span style=\"color: #99cc00;\"><a style=\"color: #99cc00;\" href=\"http:\/\/www.mstyrsovatc.cz\/wp-content\/uploads\/2021\/03\/Schv\u00e1len\u00fd-rozpo\u010det-na-rok-2021.pdf\">Schv\u00e1len\u00fd rozpo\u010det na rok 2021<\/a><\/span><\/div>\n<div><span style=\"color: #99cc00;\"><a style=\"color: #99cc00;\" href=\"http:\/\/www.mstyrsovatc.cz\/wp-content\/uploads\/2021\/03\/Schv\u00e1len\u00fd-v\u00fdhled-rozpo\u010dtu-na-rok-2022-a-2023.pdf\">Schv\u00e1len\u00fd v\u00fdhled rozpo\u010dtu na rok 2022 a 2023<\/a><\/span><\/div>\n<div><\/div>\n<div>\n<hr \/>\n<\/div>\n<div><\/div>\n<div>Rozpo\u010det na rok 2020 byl schv\u00e1len usnesen\u00edm Rady m\u011bsta Tachova \u010d. 24 dne 18.12.2019.<\/div>\n<div>St\u0159edn\u011bdob\u00fd v\u00fdhled rozpo\u010dtu na rok 2021 a 2022 byl schv\u00e1len usnesen\u00edm Rady m\u011bsta Tachova \u010d. 24 dne 18.12.2019.<\/div>\n<div>Vyv\u011b\u0161eno dne 2.1. 2020<\/div>\n<div><span style=\"color: #99cc00;\"><a style=\"color: #99cc00;\" href=\"https:\/\/www.mstyrsova.cz\/wp-content\/uploads\/2020\/01\/Schv\u00e1len\u00fd-rozpo\u010det-na-rok-20200001.pdf\">Schv\u00e1len\u00fd-rozpo\u010det-na-rok-2020<\/a><\/span><\/div>\n<div><span style=\"color: #99cc00;\"><a style=\"color: #99cc00;\" href=\"https:\/\/www.mstyrsova.cz\/wp-content\/uploads\/2020\/01\/Schv\u00e1len\u00fd-v\u00fdhled-rozpo\u010dtu-na-rok-2021-a\u017e-20220001.pdf\">Schv\u00e1len\u00fd-v\u00fdhled-rozpo\u010dtu-na-rok-2021-a\u017e-2022<\/a><\/span><\/div>\n<div><\/div>\n<p>&nbsp;<\/p>\n<div><\/div>\n<div><\/div>\n<div><\/div>\n<div><\/div>\n","protected":false},"excerpt":{"rendered":"<p>Rozpo\u010det na rok 2026 byl schv\u00e1len na sch\u016fzi \u010d.73 usnesen\u00edm Rady m\u011bsta Tachova\u00a0 \u010d.1844 a) dne 17.prosince 2025. St\u0159edn\u011bdob\u00fd v\u00fdhled &hellip; <\/p>\n","protected":false},"author":1,"featured_media":0,"parent":16,"menu_order":0,"comment_status":"closed","ping_status":"closed","template":"","meta":{"footnotes":""},"class_list":["post-280","page","type-page","status-publish","hentry"],"yoast_head":"<!-- This site is optimized with the Yoast SEO plugin v14.7 - https:\/\/yoast.com\/wordpress\/plugins\/seo\/ -->\n<title>Rozpo\u010det - M\u0160 Tyr\u0161ova Tachov<\/title>\n<meta name=\"robots\" content=\"index, follow\" \/>\n<meta name=\"googlebot\" content=\"index, follow, max-snippet:-1, max-image-preview:large, max-video-preview:-1\" \/>\n<meta name=\"bingbot\" content=\"index, follow, max-snippet:-1, max-image-preview:large, max-video-preview:-1\" \/>\n<link rel=\"canonical\" href=\"http:\/\/www.mstyrsovatc.cz\/?page_id=280\" \/>\n<meta property=\"og:locale\" content=\"cs_CZ\" \/>\n<meta property=\"og:type\" content=\"article\" \/>\n<meta property=\"og:title\" content=\"Rozpo\u010det - M\u0160 Tyr\u0161ova Tachov\" \/>\n<meta property=\"og:description\" content=\"Rozpo\u010det na rok 2026 byl schv\u00e1len na sch\u016fzi \u010d.73 usnesen\u00edm Rady m\u011bsta Tachova\u00a0 \u010d.1844 a) dne 17.prosince 2025. St\u0159edn\u011bdob\u00fd v\u00fdhled &hellip;\" \/>\n<meta property=\"og:url\" content=\"http:\/\/www.mstyrsovatc.cz\/?page_id=280\" \/>\n<meta property=\"og:site_name\" content=\"M\u0160 Tyr\u0161ova Tachov\" \/>\n<meta property=\"article:modified_time\" content=\"2026-01-28T13:14:30+00:00\" \/>\n<meta name=\"twitter:card\" content=\"summary_large_image\" \/>\n<script type=\"application\/ld+json\" class=\"yoast-schema-graph\">{\"@context\":\"https:\/\/schema.org\",\"@graph\":[{\"@type\":[\"Person\",\"Organization\"],\"@id\":\"https:\/\/www.mstyrsovatc.cz\/#\/schema\/person\/9f73b07ad3eda6cbbd9b62821097625a\",\"name\":\"mstyrsovatc\",\"logo\":{\"@id\":\"https:\/\/www.mstyrsovatc.cz\/#personlogo\"}},{\"@type\":\"WebSite\",\"@id\":\"https:\/\/www.mstyrsovatc.cz\/#website\",\"url\":\"https:\/\/www.mstyrsovatc.cz\/\",\"name\":\"M\\u0160 Tyr\\u0161ova Tachov\",\"description\":\"\",\"publisher\":{\"@id\":\"https:\/\/www.mstyrsovatc.cz\/#\/schema\/person\/9f73b07ad3eda6cbbd9b62821097625a\"},\"potentialAction\":[{\"@type\":\"SearchAction\",\"target\":\"https:\/\/www.mstyrsovatc.cz\/?s={search_term_string}\",\"query-input\":\"required name=search_term_string\"}],\"inLanguage\":\"cs\"},{\"@type\":\"WebPage\",\"@id\":\"http:\/\/www.mstyrsovatc.cz\/?page_id=280#webpage\",\"url\":\"http:\/\/www.mstyrsovatc.cz\/?page_id=280\",\"name\":\"Rozpo\\u010det - M\\u0160 Tyr\\u0161ova Tachov\",\"isPartOf\":{\"@id\":\"https:\/\/www.mstyrsovatc.cz\/#website\"},\"datePublished\":\"2020-06-08T17:13:28+00:00\",\"dateModified\":\"2026-01-28T13:14:30+00:00\",\"inLanguage\":\"cs\",\"potentialAction\":[{\"@type\":\"ReadAction\",\"target\":[\"http:\/\/www.mstyrsovatc.cz\/?page_id=280\"]}]}]}<\/script>\n<!-- \/ Yoast SEO plugin. -->","_links":{"self":[{"href":"https:\/\/www.mstyrsovatc.cz\/index.php?rest_route=\/wp\/v2\/pages\/280","targetHints":{"allow":["GET"]}}],"collection":[{"href":"https:\/\/www.mstyrsovatc.cz\/index.php?rest_route=\/wp\/v2\/pages"}],"about":[{"href":"https:\/\/www.mstyrsovatc.cz\/index.php?rest_route=\/wp\/v2\/types\/page"}],"author":[{"embeddable":true,"href":"https:\/\/www.mstyrsovatc.cz\/index.php?rest_route=\/wp\/v2\/users\/1"}],"replies":[{"embeddable":true,"href":"https:\/\/www.mstyrsovatc.cz\/index.php?rest_route=%2Fwp%2Fv2%2Fcomments&post=280"}],"version-history":[{"count":33,"href":"https:\/\/www.mstyrsovatc.cz\/index.php?rest_route=\/wp\/v2\/pages\/280\/revisions"}],"predecessor-version":[{"id":3739,"href":"https:\/\/www.mstyrsovatc.cz\/index.php?rest_route=\/wp\/v2\/pages\/280\/revisions\/3739"}],"up":[{"embeddable":true,"href":"https:\/\/www.mstyrsovatc.cz\/index.php?rest_route=\/wp\/v2\/pages\/16"}],"wp:attachment":[{"href":"https:\/\/www.mstyrsovatc.cz\/index.php?rest_route=%2Fwp%2Fv2%2Fmedia&parent=280"}],"curies":[{"name":"wp","href":"https:\/\/api.w.org\/{rel}","templated":true}]}}