{"id":3126,"date":"2024-03-15T11:00:15","date_gmt":"2024-03-15T11:00:15","guid":{"rendered":"http:\/\/www.mstyrsovatc.cz\/?page_id=3126"},"modified":"2024-03-15T11:08:57","modified_gmt":"2024-03-15T11:08:57","slug":"digitalizujeme-skolu","status":"publish","type":"page","link":"https:\/\/www.mstyrsovatc.cz\/?page_id=3126","title":{"rendered":"Digitalizujeme \u0161kolu"},"content":{"rendered":"<p><strong><span style=\"color: #99cc00;\">DIGITALIZUJEME \u0160KOLU\u00a0<\/span><\/strong><br \/>\nREALIZACE INVESTICE N\u00c1RODN\u00cdHO PL\u00c1NU OBNOVY \u2013 KOMPONENTA 3.1<br \/>\nV r\u00e1mci Investice \u010d. 2: Vybaven\u00ed \u0161kol digit\u00e1ln\u00edmi technologiemi z komponenty 3.1 Inovace ve vzd\u011bl\u00e1v\u00e1n\u00ed v kontextu digitalizace z N\u00e1rodn\u00edho pl\u00e1nu obnovy vynalo\u017eila \u0161kola finan\u010dn\u00ed prost\u0159edky:<br \/>\n&#8211; k dosa\u017een\u00ed c\u00edle \u010d. 174 zakoupen\u00edm digit\u00e1ln\u00edch technologi\u00ed a vybaven\u00ed na podporu digit\u00e1ln\u00ed gramotnosti a zaveden\u00edm nov\u00fdch vzd\u011bl\u00e1vac\u00edch program\u016f v oblasti IT.<\/p>\n<p><span style=\"color: #99cc00;\"><a style=\"color: #99cc00;\" href=\"http:\/\/www.mstyrsovatc.cz\/wp-content\/uploads\/2024\/03\/priloha_1326756621_5_Vzor-publicity-c\u00edl-174-\u2013-digit\u00e1ln\u00ed-u\u010debn\u00ed-pom\u016fcky-2.pdf\">Publicita \u2013 digit\u00e1ln\u00ed u\u010debn\u00ed pom\u016fcky<\/a><\/span><\/p>\n<p>&nbsp;<\/p>\n","protected":false},"excerpt":{"rendered":"<p>DIGITALIZUJEME \u0160KOLU\u00a0 REALIZACE INVESTICE N\u00c1RODN\u00cdHO PL\u00c1NU OBNOVY \u2013 KOMPONENTA 3.1 V r\u00e1mci Investice \u010d. 2: Vybaven\u00ed \u0161kol digit\u00e1ln\u00edmi technologiemi z &hellip; <\/p>\n","protected":false},"author":1,"featured_media":0,"parent":1068,"menu_order":0,"comment_status":"closed","ping_status":"closed","template":"","meta":{"footnotes":""},"class_list":["post-3126","page","type-page","status-publish","hentry"],"yoast_head":"<!-- This site is optimized with the Yoast SEO plugin v14.7 - https:\/\/yoast.com\/wordpress\/plugins\/seo\/ -->\n<title>Digitalizujeme \u0161kolu - M\u0160 Tyr\u0161ova Tachov<\/title>\n<meta name=\"robots\" content=\"index, follow\" \/>\n<meta name=\"googlebot\" content=\"index, follow, max-snippet:-1, max-image-preview:large, max-video-preview:-1\" \/>\n<meta name=\"bingbot\" content=\"index, follow, max-snippet:-1, max-image-preview:large, max-video-preview:-1\" \/>\n<link rel=\"canonical\" href=\"http:\/\/www.mstyrsovatc.cz\/?page_id=3126\" \/>\n<meta property=\"og:locale\" content=\"cs_CZ\" \/>\n<meta property=\"og:type\" content=\"article\" \/>\n<meta property=\"og:title\" content=\"Digitalizujeme \u0161kolu - M\u0160 Tyr\u0161ova Tachov\" \/>\n<meta property=\"og:description\" content=\"DIGITALIZUJEME \u0160KOLU\u00a0 REALIZACE INVESTICE N\u00c1RODN\u00cdHO PL\u00c1NU OBNOVY \u2013 KOMPONENTA 3.1 V r\u00e1mci Investice \u010d. 2: Vybaven\u00ed \u0161kol digit\u00e1ln\u00edmi technologiemi z &hellip;\" \/>\n<meta property=\"og:url\" content=\"http:\/\/www.mstyrsovatc.cz\/?page_id=3126\" \/>\n<meta property=\"og:site_name\" content=\"M\u0160 Tyr\u0161ova Tachov\" \/>\n<meta property=\"article:modified_time\" content=\"2024-03-15T11:08:57+00:00\" \/>\n<meta name=\"twitter:card\" content=\"summary_large_image\" \/>\n<script type=\"application\/ld+json\" class=\"yoast-schema-graph\">{\"@context\":\"https:\/\/schema.org\",\"@graph\":[{\"@type\":[\"Person\",\"Organization\"],\"@id\":\"https:\/\/www.mstyrsovatc.cz\/#\/schema\/person\/9f73b07ad3eda6cbbd9b62821097625a\",\"name\":\"mstyrsovatc\",\"logo\":{\"@id\":\"https:\/\/www.mstyrsovatc.cz\/#personlogo\"}},{\"@type\":\"WebSite\",\"@id\":\"https:\/\/www.mstyrsovatc.cz\/#website\",\"url\":\"https:\/\/www.mstyrsovatc.cz\/\",\"name\":\"M\\u0160 Tyr\\u0161ova Tachov\",\"description\":\"\",\"publisher\":{\"@id\":\"https:\/\/www.mstyrsovatc.cz\/#\/schema\/person\/9f73b07ad3eda6cbbd9b62821097625a\"},\"potentialAction\":[{\"@type\":\"SearchAction\",\"target\":\"https:\/\/www.mstyrsovatc.cz\/?s={search_term_string}\",\"query-input\":\"required name=search_term_string\"}],\"inLanguage\":\"cs\"},{\"@type\":\"WebPage\",\"@id\":\"http:\/\/www.mstyrsovatc.cz\/?page_id=3126#webpage\",\"url\":\"http:\/\/www.mstyrsovatc.cz\/?page_id=3126\",\"name\":\"Digitalizujeme \\u0161kolu - M\\u0160 Tyr\\u0161ova Tachov\",\"isPartOf\":{\"@id\":\"https:\/\/www.mstyrsovatc.cz\/#website\"},\"datePublished\":\"2024-03-15T11:00:15+00:00\",\"dateModified\":\"2024-03-15T11:08:57+00:00\",\"inLanguage\":\"cs\",\"potentialAction\":[{\"@type\":\"ReadAction\",\"target\":[\"http:\/\/www.mstyrsovatc.cz\/?page_id=3126\"]}]}]}<\/script>\n<!-- \/ Yoast SEO plugin. -->","_links":{"self":[{"href":"https:\/\/www.mstyrsovatc.cz\/index.php?rest_route=\/wp\/v2\/pages\/3126","targetHints":{"allow":["GET"]}}],"collection":[{"href":"https:\/\/www.mstyrsovatc.cz\/index.php?rest_route=\/wp\/v2\/pages"}],"about":[{"href":"https:\/\/www.mstyrsovatc.cz\/index.php?rest_route=\/wp\/v2\/types\/page"}],"author":[{"embeddable":true,"href":"https:\/\/www.mstyrsovatc.cz\/index.php?rest_route=\/wp\/v2\/users\/1"}],"replies":[{"embeddable":true,"href":"https:\/\/www.mstyrsovatc.cz\/index.php?rest_route=%2Fwp%2Fv2%2Fcomments&post=3126"}],"version-history":[{"count":4,"href":"https:\/\/www.mstyrsovatc.cz\/index.php?rest_route=\/wp\/v2\/pages\/3126\/revisions"}],"predecessor-version":[{"id":3134,"href":"https:\/\/www.mstyrsovatc.cz\/index.php?rest_route=\/wp\/v2\/pages\/3126\/revisions\/3134"}],"up":[{"embeddable":true,"href":"https:\/\/www.mstyrsovatc.cz\/index.php?rest_route=\/wp\/v2\/pages\/1068"}],"wp:attachment":[{"href":"https:\/\/www.mstyrsovatc.cz\/index.php?rest_route=%2Fwp%2Fv2%2Fmedia&parent=3126"}],"curies":[{"name":"wp","href":"https:\/\/api.w.org\/{rel}","templated":true}]}}