{"id":3500,"date":"2024-10-07T14:08:12","date_gmt":"2024-10-07T14:08:12","guid":{"rendered":"http:\/\/www.mstyrsovatc.cz\/?page_id=3500"},"modified":"2024-10-07T14:08:12","modified_gmt":"2024-10-07T14:08:12","slug":"mistni-akcni-plan-rozvoje-vzdelavani-iv-orp-tachov","status":"publish","type":"page","link":"https:\/\/www.mstyrsovatc.cz\/?page_id=3500","title":{"rendered":"M\u00edstn\u00ed ak\u010dn\u00ed pl\u00e1n rozvoje vzd\u011bl\u00e1v\u00e1n\u00ed IV ORP Tachov"},"content":{"rendered":"<p><em>\u0160kola je zapojena do projektu:\u00a0<strong>M\u00edstn\u00ed ak\u010dn\u00ed pl\u00e1n rozvoje vzd\u011bl\u00e1v\u00e1n\u00ed IV ORP Tachov<\/strong>.<\/em><\/p>\n<p><em>Registra\u010dn\u00ed \u010d\u00edslo projektu: CZ.02.02.xx\/00\/23_017\/0008572<\/em><\/p>\n<p><strong><em>Spolufinancov\u00e1no Evropskou uni\u00ed.<\/em><\/strong><\/p>\n<p><em>Odkaz na webov\u00e9 str\u00e1nky projektu:\u00a0<a href=\"https:\/\/192.168.16.252:20443\/proxy\/58d6d1ae\/https\/www.tachov-mesto.cz\/map-iv-orp-tachov.html\" target=\"_blank\" rel=\"noopener noreferrer\">https:\/\/www.tachov-mesto.cz\/map-iv-orp-tachov.html<\/a><\/em><\/p>\n<p><em>Odkaz na facebookov\u00e9 str\u00e1nky projektu:\u00a0<a href=\"https:\/\/192.168.16.252:20443\/proxy\/58d6d1ae\/https\/www.facebook.com\/profile.php?id=61561155420589&amp;locale=cs_CZ\" target=\"_blank\" rel=\"noopener noreferrer\">https:\/\/www.facebook.com\/profile.php?id=61561155420589&amp;locale=cs_CZ<\/a><\/em><\/p>\n<p><img loading=\"lazy\" decoding=\"async\" class=\"alignnone  wp-image-3501\" src=\"http:\/\/www.mstyrsovatc.cz\/wp-content\/uploads\/2024\/10\/07a82cbd-300x43.jpeg\" alt=\"\" width=\"426\" height=\"61\" srcset=\"https:\/\/www.mstyrsovatc.cz\/wp-content\/uploads\/2024\/10\/07a82cbd-300x43.jpeg 300w, https:\/\/www.mstyrsovatc.cz\/wp-content\/uploads\/2024\/10\/07a82cbd.jpeg 600w\" sizes=\"auto, (max-width: 426px) 100vw, 426px\" \/><\/p>\n","protected":false},"excerpt":{"rendered":"<p>\u0160kola je zapojena do projektu:\u00a0M\u00edstn\u00ed ak\u010dn\u00ed pl\u00e1n rozvoje vzd\u011bl\u00e1v\u00e1n\u00ed IV ORP Tachov. Registra\u010dn\u00ed \u010d\u00edslo projektu: CZ.02.02.xx\/00\/23_017\/0008572 Spolufinancov\u00e1no Evropskou uni\u00ed. Odkaz &hellip; <\/p>\n","protected":false},"author":1,"featured_media":0,"parent":1068,"menu_order":0,"comment_status":"closed","ping_status":"closed","template":"","meta":{"footnotes":""},"class_list":["post-3500","page","type-page","status-publish","hentry"],"yoast_head":"<!-- This site is optimized with the Yoast SEO plugin v14.7 - https:\/\/yoast.com\/wordpress\/plugins\/seo\/ -->\n<title>M\u00edstn\u00ed ak\u010dn\u00ed pl\u00e1n rozvoje vzd\u011bl\u00e1v\u00e1n\u00ed IV ORP Tachov - M\u0160 Tyr\u0161ova Tachov<\/title>\n<meta name=\"robots\" content=\"index, follow\" \/>\n<meta name=\"googlebot\" content=\"index, follow, max-snippet:-1, max-image-preview:large, max-video-preview:-1\" \/>\n<meta name=\"bingbot\" content=\"index, follow, max-snippet:-1, max-image-preview:large, max-video-preview:-1\" \/>\n<link rel=\"canonical\" href=\"http:\/\/www.mstyrsovatc.cz\/?page_id=3500\" \/>\n<meta property=\"og:locale\" content=\"cs_CZ\" \/>\n<meta property=\"og:type\" content=\"article\" \/>\n<meta property=\"og:title\" content=\"M\u00edstn\u00ed ak\u010dn\u00ed pl\u00e1n rozvoje vzd\u011bl\u00e1v\u00e1n\u00ed IV ORP Tachov - M\u0160 Tyr\u0161ova Tachov\" \/>\n<meta property=\"og:description\" content=\"\u0160kola je zapojena do projektu:\u00a0M\u00edstn\u00ed ak\u010dn\u00ed pl\u00e1n rozvoje vzd\u011bl\u00e1v\u00e1n\u00ed IV ORP Tachov. Registra\u010dn\u00ed \u010d\u00edslo projektu: CZ.02.02.xx\/00\/23_017\/0008572 Spolufinancov\u00e1no Evropskou uni\u00ed. Odkaz &hellip;\" \/>\n<meta property=\"og:url\" content=\"http:\/\/www.mstyrsovatc.cz\/?page_id=3500\" \/>\n<meta property=\"og:site_name\" content=\"M\u0160 Tyr\u0161ova Tachov\" \/>\n<meta property=\"og:image\" content=\"http:\/\/www.mstyrsovatc.cz\/wp-content\/uploads\/2024\/10\/07a82cbd-300x43.jpeg\" \/>\n<meta name=\"twitter:card\" content=\"summary_large_image\" \/>\n<script type=\"application\/ld+json\" class=\"yoast-schema-graph\">{\"@context\":\"https:\/\/schema.org\",\"@graph\":[{\"@type\":[\"Person\",\"Organization\"],\"@id\":\"https:\/\/www.mstyrsovatc.cz\/#\/schema\/person\/9f73b07ad3eda6cbbd9b62821097625a\",\"name\":\"mstyrsovatc\",\"logo\":{\"@id\":\"https:\/\/www.mstyrsovatc.cz\/#personlogo\"}},{\"@type\":\"WebSite\",\"@id\":\"https:\/\/www.mstyrsovatc.cz\/#website\",\"url\":\"https:\/\/www.mstyrsovatc.cz\/\",\"name\":\"M\\u0160 Tyr\\u0161ova Tachov\",\"description\":\"\",\"publisher\":{\"@id\":\"https:\/\/www.mstyrsovatc.cz\/#\/schema\/person\/9f73b07ad3eda6cbbd9b62821097625a\"},\"potentialAction\":[{\"@type\":\"SearchAction\",\"target\":\"https:\/\/www.mstyrsovatc.cz\/?s={search_term_string}\",\"query-input\":\"required name=search_term_string\"}],\"inLanguage\":\"cs\"},{\"@type\":\"ImageObject\",\"@id\":\"http:\/\/www.mstyrsovatc.cz\/?page_id=3500#primaryimage\",\"inLanguage\":\"cs\",\"url\":\"http:\/\/www.mstyrsovatc.cz\/wp-content\/uploads\/2024\/10\/07a82cbd-300x43.jpeg\"},{\"@type\":\"WebPage\",\"@id\":\"http:\/\/www.mstyrsovatc.cz\/?page_id=3500#webpage\",\"url\":\"http:\/\/www.mstyrsovatc.cz\/?page_id=3500\",\"name\":\"M\\u00edstn\\u00ed ak\\u010dn\\u00ed pl\\u00e1n rozvoje vzd\\u011bl\\u00e1v\\u00e1n\\u00ed IV ORP Tachov - M\\u0160 Tyr\\u0161ova Tachov\",\"isPartOf\":{\"@id\":\"https:\/\/www.mstyrsovatc.cz\/#website\"},\"primaryImageOfPage\":{\"@id\":\"http:\/\/www.mstyrsovatc.cz\/?page_id=3500#primaryimage\"},\"datePublished\":\"2024-10-07T14:08:12+00:00\",\"dateModified\":\"2024-10-07T14:08:12+00:00\",\"inLanguage\":\"cs\",\"potentialAction\":[{\"@type\":\"ReadAction\",\"target\":[\"http:\/\/www.mstyrsovatc.cz\/?page_id=3500\"]}]}]}<\/script>\n<!-- \/ Yoast SEO plugin. -->","_links":{"self":[{"href":"https:\/\/www.mstyrsovatc.cz\/index.php?rest_route=\/wp\/v2\/pages\/3500","targetHints":{"allow":["GET"]}}],"collection":[{"href":"https:\/\/www.mstyrsovatc.cz\/index.php?rest_route=\/wp\/v2\/pages"}],"about":[{"href":"https:\/\/www.mstyrsovatc.cz\/index.php?rest_route=\/wp\/v2\/types\/page"}],"author":[{"embeddable":true,"href":"https:\/\/www.mstyrsovatc.cz\/index.php?rest_route=\/wp\/v2\/users\/1"}],"replies":[{"embeddable":true,"href":"https:\/\/www.mstyrsovatc.cz\/index.php?rest_route=%2Fwp%2Fv2%2Fcomments&post=3500"}],"version-history":[{"count":1,"href":"https:\/\/www.mstyrsovatc.cz\/index.php?rest_route=\/wp\/v2\/pages\/3500\/revisions"}],"predecessor-version":[{"id":3502,"href":"https:\/\/www.mstyrsovatc.cz\/index.php?rest_route=\/wp\/v2\/pages\/3500\/revisions\/3502"}],"up":[{"embeddable":true,"href":"https:\/\/www.mstyrsovatc.cz\/index.php?rest_route=\/wp\/v2\/pages\/1068"}],"wp:attachment":[{"href":"https:\/\/www.mstyrsovatc.cz\/index.php?rest_route=%2Fwp%2Fv2%2Fmedia&parent=3500"}],"curies":[{"name":"wp","href":"https:\/\/api.w.org\/{rel}","templated":true}]}}