{"id":3504,"date":"2024-10-07T14:13:25","date_gmt":"2024-10-07T14:13:25","guid":{"rendered":"http:\/\/www.mstyrsovatc.cz\/?page_id=3504"},"modified":"2024-10-14T12:05:38","modified_gmt":"2024-10-14T12:05:38","slug":"projekt-modernizace-tridy-tvorilek","status":"publish","type":"page","link":"https:\/\/www.mstyrsovatc.cz\/?page_id=3504","title":{"rendered":"Projekt MODERNIZACE T\u0158\u00cdDY TVO\u0158ILEK"},"content":{"rendered":"<div class=\"page-header\">\n<div class=\"container\">\n<h1 class=\"page-title\"><strong style=\"font-size: 16px;\">Projekt<\/strong><\/h1>\n<\/div>\n<\/div>\n<div id=\"acc-content\">\n<div id=\"content\" class=\"site-content\">\n<div class=\"container\">\n<div class=\"row\">\n<div id=\"primary\" class=\"content-area\">\n<article id=\"post-1560\" class=\"post-1560 page type-page status-publish hentry\">\n<div class=\"entry-content\">\n<p>MODERNIZACE T\u0158\u00cdDY TVO\u0158ILEK\u00a0 je spolufinancov\u00e1n Evropskou uni\u00ed.<br \/>\nC\u00edlem je podpora projekt\u016f kone\u010dn\u00fdch \u017eadatel\u016f napl\u0148uj\u00edc\u00ed c\u00edle SCLLD MAS Zlat\u00e1 cesta o.p.s.<\/p>\n<p><img loading=\"lazy\" decoding=\"async\" class=\"n3VNCb\" src=\"https:\/\/upload.wikimedia.org\/wikipedia\/commons\/thumb\/b\/b7\/Flag_of_Europe.svg\/1200px-Flag_of_Europe.svg.png\" alt=\"Evropsk\u00e1 unie \u2013 Wikipedie\" width=\"281\" height=\"187\" data-noaft=\"1\" \/>\u00a0\u00a0\u00a0\u00a0\u00a0<img loading=\"lazy\" decoding=\"async\" class=\"n3VNCb\" src=\"http:\/\/bumms.ucoz.com\/dazadi_logo\/leader_logo_318df.jpg\" alt=\"BUMMS\" width=\"186\" height=\"186\" data-noaft=\"1\" \/><br \/>\nEVROPSK\u00c1 UNIE<br \/>\nEvropsk\u00fd zem\u011bd\u011blsk\u00fd fond pro rozvoj venkova<br \/>\nEvropa investuje do venkovsk\u00fdch oblast\u00ed<br \/>\nProgram rozvoje venkova<\/p>\n<p><img loading=\"lazy\" decoding=\"async\" class=\"alignnone  wp-image-3522\" src=\"http:\/\/www.mstyrsovatc.cz\/wp-content\/uploads\/2024\/10\/publicita-1-300x212.png\" alt=\"\" width=\"705\" height=\"498\" srcset=\"https:\/\/www.mstyrsovatc.cz\/wp-content\/uploads\/2024\/10\/publicita-1-300x212.png 300w, https:\/\/www.mstyrsovatc.cz\/wp-content\/uploads\/2024\/10\/publicita-1-768x542.png 768w, https:\/\/www.mstyrsovatc.cz\/wp-content\/uploads\/2024\/10\/publicita-1.png 777w\" sizes=\"auto, (max-width: 705px) 100vw, 705px\" \/><\/p>\n<\/div>\n<\/article>\n<\/div>\n<\/div>\n<\/div>\n<\/div>\n<\/div>\n","protected":false},"excerpt":{"rendered":"<p>Projekt MODERNIZACE T\u0158\u00cdDY TVO\u0158ILEK\u00a0 je spolufinancov\u00e1n Evropskou uni\u00ed. C\u00edlem je podpora projekt\u016f kone\u010dn\u00fdch \u017eadatel\u016f napl\u0148uj\u00edc\u00ed c\u00edle SCLLD MAS Zlat\u00e1 cesta &hellip; <\/p>\n","protected":false},"author":1,"featured_media":0,"parent":1068,"menu_order":0,"comment_status":"closed","ping_status":"closed","template":"","meta":{"footnotes":""},"class_list":["post-3504","page","type-page","status-publish","hentry"],"yoast_head":"<!-- This site is optimized with the Yoast SEO plugin v14.7 - https:\/\/yoast.com\/wordpress\/plugins\/seo\/ -->\n<title>Projekt MODERNIZACE T\u0158\u00cdDY TVO\u0158ILEK - M\u0160 Tyr\u0161ova Tachov<\/title>\n<meta name=\"robots\" content=\"index, follow\" \/>\n<meta name=\"googlebot\" content=\"index, follow, max-snippet:-1, max-image-preview:large, max-video-preview:-1\" \/>\n<meta name=\"bingbot\" content=\"index, follow, max-snippet:-1, max-image-preview:large, max-video-preview:-1\" \/>\n<link rel=\"canonical\" href=\"http:\/\/www.mstyrsovatc.cz\/?page_id=3504\" \/>\n<meta property=\"og:locale\" content=\"cs_CZ\" \/>\n<meta property=\"og:type\" content=\"article\" \/>\n<meta property=\"og:title\" content=\"Projekt MODERNIZACE T\u0158\u00cdDY TVO\u0158ILEK - M\u0160 Tyr\u0161ova Tachov\" \/>\n<meta property=\"og:description\" content=\"Projekt MODERNIZACE T\u0158\u00cdDY TVO\u0158ILEK\u00a0 je spolufinancov\u00e1n Evropskou uni\u00ed. C\u00edlem je podpora projekt\u016f kone\u010dn\u00fdch \u017eadatel\u016f napl\u0148uj\u00edc\u00ed c\u00edle SCLLD MAS Zlat\u00e1 cesta &hellip;\" \/>\n<meta property=\"og:url\" content=\"http:\/\/www.mstyrsovatc.cz\/?page_id=3504\" \/>\n<meta property=\"og:site_name\" content=\"M\u0160 Tyr\u0161ova Tachov\" \/>\n<meta property=\"article:modified_time\" content=\"2024-10-14T12:05:38+00:00\" \/>\n<meta property=\"og:image\" content=\"https:\/\/upload.wikimedia.org\/wikipedia\/commons\/thumb\/b\/b7\/Flag_of_Europe.svg\/1200px-Flag_of_Europe.svg.png\" \/>\n<meta name=\"twitter:card\" content=\"summary_large_image\" \/>\n<script type=\"application\/ld+json\" class=\"yoast-schema-graph\">{\"@context\":\"https:\/\/schema.org\",\"@graph\":[{\"@type\":[\"Person\",\"Organization\"],\"@id\":\"https:\/\/www.mstyrsovatc.cz\/#\/schema\/person\/9f73b07ad3eda6cbbd9b62821097625a\",\"name\":\"mstyrsovatc\",\"logo\":{\"@id\":\"https:\/\/www.mstyrsovatc.cz\/#personlogo\"}},{\"@type\":\"WebSite\",\"@id\":\"https:\/\/www.mstyrsovatc.cz\/#website\",\"url\":\"https:\/\/www.mstyrsovatc.cz\/\",\"name\":\"M\\u0160 Tyr\\u0161ova Tachov\",\"description\":\"\",\"publisher\":{\"@id\":\"https:\/\/www.mstyrsovatc.cz\/#\/schema\/person\/9f73b07ad3eda6cbbd9b62821097625a\"},\"potentialAction\":[{\"@type\":\"SearchAction\",\"target\":\"https:\/\/www.mstyrsovatc.cz\/?s={search_term_string}\",\"query-input\":\"required name=search_term_string\"}],\"inLanguage\":\"cs\"},{\"@type\":\"ImageObject\",\"@id\":\"http:\/\/www.mstyrsovatc.cz\/?page_id=3504#primaryimage\",\"inLanguage\":\"cs\",\"url\":\"https:\/\/upload.wikimedia.org\/wikipedia\/commons\/thumb\/b\/b7\/Flag_of_Europe.svg\/1200px-Flag_of_Europe.svg.png\"},{\"@type\":\"WebPage\",\"@id\":\"http:\/\/www.mstyrsovatc.cz\/?page_id=3504#webpage\",\"url\":\"http:\/\/www.mstyrsovatc.cz\/?page_id=3504\",\"name\":\"Projekt MODERNIZACE T\\u0158\\u00cdDY TVO\\u0158ILEK - M\\u0160 Tyr\\u0161ova Tachov\",\"isPartOf\":{\"@id\":\"https:\/\/www.mstyrsovatc.cz\/#website\"},\"primaryImageOfPage\":{\"@id\":\"http:\/\/www.mstyrsovatc.cz\/?page_id=3504#primaryimage\"},\"datePublished\":\"2024-10-07T14:13:25+00:00\",\"dateModified\":\"2024-10-14T12:05:38+00:00\",\"inLanguage\":\"cs\",\"potentialAction\":[{\"@type\":\"ReadAction\",\"target\":[\"http:\/\/www.mstyrsovatc.cz\/?page_id=3504\"]}]}]}<\/script>\n<!-- \/ Yoast SEO plugin. -->","_links":{"self":[{"href":"https:\/\/www.mstyrsovatc.cz\/index.php?rest_route=\/wp\/v2\/pages\/3504","targetHints":{"allow":["GET"]}}],"collection":[{"href":"https:\/\/www.mstyrsovatc.cz\/index.php?rest_route=\/wp\/v2\/pages"}],"about":[{"href":"https:\/\/www.mstyrsovatc.cz\/index.php?rest_route=\/wp\/v2\/types\/page"}],"author":[{"embeddable":true,"href":"https:\/\/www.mstyrsovatc.cz\/index.php?rest_route=\/wp\/v2\/users\/1"}],"replies":[{"embeddable":true,"href":"https:\/\/www.mstyrsovatc.cz\/index.php?rest_route=%2Fwp%2Fv2%2Fcomments&post=3504"}],"version-history":[{"count":6,"href":"https:\/\/www.mstyrsovatc.cz\/index.php?rest_route=\/wp\/v2\/pages\/3504\/revisions"}],"predecessor-version":[{"id":3523,"href":"https:\/\/www.mstyrsovatc.cz\/index.php?rest_route=\/wp\/v2\/pages\/3504\/revisions\/3523"}],"up":[{"embeddable":true,"href":"https:\/\/www.mstyrsovatc.cz\/index.php?rest_route=\/wp\/v2\/pages\/1068"}],"wp:attachment":[{"href":"https:\/\/www.mstyrsovatc.cz\/index.php?rest_route=%2Fwp%2Fv2%2Fmedia&parent=3504"}],"curies":[{"name":"wp","href":"https:\/\/api.w.org\/{rel}","templated":true}]}}