{"id":3723,"date":"2026-01-21T07:23:51","date_gmt":"2026-01-21T07:23:51","guid":{"rendered":"http:\/\/www.mstyrsovatc.cz\/?page_id=3723"},"modified":"2026-01-27T14:09:04","modified_gmt":"2026-01-27T14:09:04","slug":"projekt-vybaveni-skolni-zahrady","status":"publish","type":"page","link":"https:\/\/www.mstyrsovatc.cz\/?page_id=3723","title":{"rendered":"Projekt VYBAVEN\u00cd \u0160KOLN\u00cd ZAHRADY"},"content":{"rendered":"<p>PROJEKT<br \/>\nVybaven\u00ed \u0161koln\u00ed zahrady je spolufinancov\u00e1n Evropskou uni\u00ed.<br \/>\n<strong><span style=\"color: #008000;\"><a style=\"color: #008000;\" href=\"http:\/\/www.mstyrsovatc.cz\/wp-content\/uploads\/2026\/01\/Publicita-M\u0160-Tyr\u0161ova.pdf\">Publicita M\u0160 Tyr\u0161ova<\/a><\/span><\/strong><\/p>\n<p><img loading=\"lazy\" decoding=\"async\" class=\"alignnone  wp-image-3734\" src=\"http:\/\/www.mstyrsovatc.cz\/wp-content\/uploads\/2026\/01\/IMG_20260127_150654-300x210.jpg\" alt=\"\" width=\"406\" height=\"284\" srcset=\"https:\/\/www.mstyrsovatc.cz\/wp-content\/uploads\/2026\/01\/IMG_20260127_150654-300x210.jpg 300w, https:\/\/www.mstyrsovatc.cz\/wp-content\/uploads\/2026\/01\/IMG_20260127_150654-1024x718.jpg 1024w, https:\/\/www.mstyrsovatc.cz\/wp-content\/uploads\/2026\/01\/IMG_20260127_150654-768x538.jpg 768w, https:\/\/www.mstyrsovatc.cz\/wp-content\/uploads\/2026\/01\/IMG_20260127_150654.jpg 1080w\" sizes=\"auto, (max-width: 406px) 100vw, 406px\" \/><\/p>\n<p>&nbsp;<\/p>\n","protected":false},"excerpt":{"rendered":"<p>PROJEKT Vybaven\u00ed \u0161koln\u00ed zahrady je spolufinancov\u00e1n Evropskou uni\u00ed. Publicita M\u0160 Tyr\u0161ova &nbsp;<\/p>\n","protected":false},"author":1,"featured_media":0,"parent":1068,"menu_order":0,"comment_status":"closed","ping_status":"closed","template":"","meta":{"footnotes":""},"class_list":["post-3723","page","type-page","status-publish","hentry"],"yoast_head":"<!-- This site is optimized with the Yoast SEO plugin v14.7 - https:\/\/yoast.com\/wordpress\/plugins\/seo\/ -->\n<title>Projekt VYBAVEN\u00cd \u0160KOLN\u00cd ZAHRADY - M\u0160 Tyr\u0161ova Tachov<\/title>\n<meta name=\"robots\" content=\"index, follow\" \/>\n<meta name=\"googlebot\" content=\"index, follow, max-snippet:-1, max-image-preview:large, max-video-preview:-1\" \/>\n<meta name=\"bingbot\" content=\"index, follow, max-snippet:-1, max-image-preview:large, max-video-preview:-1\" \/>\n<link rel=\"canonical\" href=\"http:\/\/www.mstyrsovatc.cz\/?page_id=3723\" \/>\n<meta property=\"og:locale\" content=\"cs_CZ\" \/>\n<meta property=\"og:type\" content=\"article\" \/>\n<meta property=\"og:title\" content=\"Projekt VYBAVEN\u00cd \u0160KOLN\u00cd ZAHRADY - M\u0160 Tyr\u0161ova Tachov\" \/>\n<meta property=\"og:description\" content=\"PROJEKT Vybaven\u00ed \u0161koln\u00ed zahrady je spolufinancov\u00e1n Evropskou uni\u00ed. Publicita M\u0160 Tyr\u0161ova &nbsp;\" \/>\n<meta property=\"og:url\" content=\"http:\/\/www.mstyrsovatc.cz\/?page_id=3723\" \/>\n<meta property=\"og:site_name\" content=\"M\u0160 Tyr\u0161ova Tachov\" \/>\n<meta property=\"article:modified_time\" content=\"2026-01-27T14:09:04+00:00\" \/>\n<meta property=\"og:image\" content=\"http:\/\/www.mstyrsovatc.cz\/wp-content\/uploads\/2026\/01\/IMG_20260127_150654-300x210.jpg\" \/>\n<meta name=\"twitter:card\" content=\"summary_large_image\" \/>\n<script type=\"application\/ld+json\" class=\"yoast-schema-graph\">{\"@context\":\"https:\/\/schema.org\",\"@graph\":[{\"@type\":[\"Person\",\"Organization\"],\"@id\":\"https:\/\/www.mstyrsovatc.cz\/#\/schema\/person\/9f73b07ad3eda6cbbd9b62821097625a\",\"name\":\"mstyrsovatc\",\"logo\":{\"@id\":\"https:\/\/www.mstyrsovatc.cz\/#personlogo\"}},{\"@type\":\"WebSite\",\"@id\":\"https:\/\/www.mstyrsovatc.cz\/#website\",\"url\":\"https:\/\/www.mstyrsovatc.cz\/\",\"name\":\"M\\u0160 Tyr\\u0161ova Tachov\",\"description\":\"\",\"publisher\":{\"@id\":\"https:\/\/www.mstyrsovatc.cz\/#\/schema\/person\/9f73b07ad3eda6cbbd9b62821097625a\"},\"potentialAction\":[{\"@type\":\"SearchAction\",\"target\":\"https:\/\/www.mstyrsovatc.cz\/?s={search_term_string}\",\"query-input\":\"required name=search_term_string\"}],\"inLanguage\":\"cs\"},{\"@type\":\"ImageObject\",\"@id\":\"http:\/\/www.mstyrsovatc.cz\/?page_id=3723#primaryimage\",\"inLanguage\":\"cs\",\"url\":\"http:\/\/www.mstyrsovatc.cz\/wp-content\/uploads\/2026\/01\/IMG_20260127_150654-300x210.jpg\"},{\"@type\":\"WebPage\",\"@id\":\"http:\/\/www.mstyrsovatc.cz\/?page_id=3723#webpage\",\"url\":\"http:\/\/www.mstyrsovatc.cz\/?page_id=3723\",\"name\":\"Projekt VYBAVEN\\u00cd \\u0160KOLN\\u00cd ZAHRADY - M\\u0160 Tyr\\u0161ova Tachov\",\"isPartOf\":{\"@id\":\"https:\/\/www.mstyrsovatc.cz\/#website\"},\"primaryImageOfPage\":{\"@id\":\"http:\/\/www.mstyrsovatc.cz\/?page_id=3723#primaryimage\"},\"datePublished\":\"2026-01-21T07:23:51+00:00\",\"dateModified\":\"2026-01-27T14:09:04+00:00\",\"inLanguage\":\"cs\",\"potentialAction\":[{\"@type\":\"ReadAction\",\"target\":[\"http:\/\/www.mstyrsovatc.cz\/?page_id=3723\"]}]}]}<\/script>\n<!-- \/ Yoast SEO plugin. -->","_links":{"self":[{"href":"https:\/\/www.mstyrsovatc.cz\/index.php?rest_route=\/wp\/v2\/pages\/3723","targetHints":{"allow":["GET"]}}],"collection":[{"href":"https:\/\/www.mstyrsovatc.cz\/index.php?rest_route=\/wp\/v2\/pages"}],"about":[{"href":"https:\/\/www.mstyrsovatc.cz\/index.php?rest_route=\/wp\/v2\/types\/page"}],"author":[{"embeddable":true,"href":"https:\/\/www.mstyrsovatc.cz\/index.php?rest_route=\/wp\/v2\/users\/1"}],"replies":[{"embeddable":true,"href":"https:\/\/www.mstyrsovatc.cz\/index.php?rest_route=%2Fwp%2Fv2%2Fcomments&post=3723"}],"version-history":[{"count":7,"href":"https:\/\/www.mstyrsovatc.cz\/index.php?rest_route=\/wp\/v2\/pages\/3723\/revisions"}],"predecessor-version":[{"id":3735,"href":"https:\/\/www.mstyrsovatc.cz\/index.php?rest_route=\/wp\/v2\/pages\/3723\/revisions\/3735"}],"up":[{"embeddable":true,"href":"https:\/\/www.mstyrsovatc.cz\/index.php?rest_route=\/wp\/v2\/pages\/1068"}],"wp:attachment":[{"href":"https:\/\/www.mstyrsovatc.cz\/index.php?rest_route=%2Fwp%2Fv2%2Fmedia&parent=3723"}],"curies":[{"name":"wp","href":"https:\/\/api.w.org\/{rel}","templated":true}]}}