{"id":546,"date":"2020-10-15T11:10:23","date_gmt":"2020-10-15T11:10:23","guid":{"rendered":"http:\/\/www.mstyrsovatc.cz\/?page_id=546"},"modified":"2022-09-12T18:38:21","modified_gmt":"2022-09-12T18:38:21","slug":"povinne-zverejnovane-informace","status":"publish","type":"page","link":"https:\/\/www.mstyrsovatc.cz\/?page_id=546","title":{"rendered":"Povinn\u011b zve\u0159ej\u0148ovan\u00e9 informace"},"content":{"rendered":"<p>Povinn\u011b zve\u0159ej\u0148ovan\u00e9 informace podle vyhl\u00e1\u0161ky \u010d<span style=\"color: #000000;\">.\u00a0<a style=\"color: #000000;\" href=\"https:\/\/www.zakonyprolidi.cz\/cs\/2006-442\">442\/2006 Sb.<\/a><\/span>, kter\u00e1 stanov\u00ed strukturu informac\u00ed zve\u0159ej\u0148ovan\u00fdch o povinn\u00e9m subjektu dle \u00a7 5 odst. 1 a 2 z\u00e1kona \u010d.\u00a0<span style=\"color: #000000;\"><a style=\"color: #000000;\" href=\"https:\/\/www.zakonyprolidi.cz\/cs\/1999-106\">106\/1999 Sb.<\/a><\/span>, o svobodn\u00e9m p\u0159\u00edstupu k informac\u00edm, ve zn\u011bn\u00ed pozd\u011bj\u0161\u00edch p\u0159edpis\u016f. resp. podle pokynu Ministerstva \u0161kolstv\u00ed, ml\u00e1de\u017ee a t\u011blov\u00fdchovy pro \u0161kolsk\u00e9 \u00fa\u0159ady, \u010ceskou \u0161koln\u00ed inspekci a \u0159editele \u0161kol, p\u0159ed\u0161koln\u00edch a \u0161koln\u00edch za\u0159\u00edzen\u00ed.<\/p>\n<p><span style=\"color: #00ff00;\"><strong>1. Ofici\u00e1ln\u00ed n\u00e1zev subjektu <\/strong><\/span><\/p>\n<p>Mate\u0159sk\u00e1 \u0161kola Tachov, Tyr\u0161ova 1546, p\u0159\u00edsp\u011bvkov\u00e1 organizace<\/p>\n<p><span style=\"color: #00ff00;\"><strong>2. D\u016fvod a zp\u016fsob zalo\u017een\u00ed<\/strong><\/span><\/p>\n<p><strong>Z\u0159izovatel:<\/strong> M\u011bsto Tachov<\/p>\n<p><strong>Webov\u00e9 str\u00e1nky:<\/strong><span style=\"color: #ff9900;\"> <a style=\"color: #ff9900;\" href=\"http:\/\/www.mstyrsovatc.cz\">www.mstyrsovatc.cz<\/a><\/span><\/p>\n<p>Z\u0159izovac\u00ed listina je ulo\u017eena a k nahl\u00e9dnut\u00ed v kancel\u00e1\u0159i \u0159editelky \u0161koly.<\/p>\n<p>Hlavn\u00edm \u00fa\u010delem p\u0159\u00edsp\u011bvkov\u00e9 organizace je poskytov\u00e1n\u00ed p\u0159ed\u0161koln\u00edho vzd\u011bl\u00e1v\u00e1ni podle ustanoven\u00ed z\u00e1kona 561\/2004 Sb., o p\u0159ed\u0161koln\u00edm, z\u00e1kladn\u00edm, st\u0159edn\u00edm, vy\u0161\u0161\u00edm odborn\u00e9m a jin\u00e9m vzd\u011bl\u00e1v\u00e1n\u00ed, ve zn\u011bn\u00ed pozd\u011bj\u0161\u00edch p\u0159edpis\u016f (\u0161kolsk\u00fd z\u00e1kon) a vyhl\u00e1\u0161ky \u010d. 14\/2005 Sb., o p\u0159ed\u0161koln\u00edm vzd\u011bl\u00e1v\u00e1n\u00ed, ve zn\u011bn\u00ed pozd\u011bj\u0161\u00edch p\u0159edpis\u016f.<\/p>\n<p>P\u0159\u00edsp\u011bvkov\u00e1 organizace jako \u0161koln\u00ed j\u00eddelna poskytuje \u0161koln\u00ed stravov\u00e1n\u00ed pro d\u011bti mate\u0159sk\u00e9 \u0161koly, jej\u00ed \u010dinnost se \u0159\u00edd\u00ed z\u00e1konem \u010d\u00edslo 561\/2004 Sb., o p\u0159ed\u0161koln\u00edm, z\u00e1kladn\u00edm, st\u0159edn\u00edm, vy\u0161\u0161\u00edm odborn\u00e9m a jin\u00e9m vzd\u011bl\u00e1v\u00e1n\u00ed (\u0161kolsk\u00fd z\u00e1kon), ve zn\u011bn\u00ed pozd\u011bj\u0161\u00edch p\u0159edpis\u016f, zejm\u00e9na pak ustanoven\u00edm \u00a7 119 a prov\u00e1d\u011bc\u00edmi p\u0159edpisy ke \u0161kolsk\u00e9mu z\u00e1konu.<\/p>\n<p><span style=\"color: #00ff00;\"><strong>3. Organiza\u010dn\u00ed struktura <\/strong><\/span><\/p>\n<p>Mate\u0159sk\u00e1 \u0161kola se \u0161koln\u00ed j\u00eddelnou. Po\u010det t\u0159\u00edd: 3, kapacita: 74 d\u011bt\u00ed, po\u010det zam\u011bstnanc\u016f: 13<\/p>\n<p><span style=\"color: #00ff00;\"><strong>4. Kontaktn\u00ed spojen\u00ed<\/strong><\/span><\/p>\n<p style=\"padding-left: 40px;\"><strong>4.1 Kontaktn\u00ed po\u0161tovn\u00ed adresa <\/strong><\/p>\n<p style=\"padding-left: 40px;\">Mate\u0159sk\u00e1 \u0161kola Tachov, Tyr\u0161ova 1546, Tachov 347 01<\/p>\n<p style=\"padding-left: 40px;\"><strong>4.2 Adresa pro osobn\u00ed n\u00e1v\u0161t\u011bvu <\/strong><\/p>\n<p style=\"padding-left: 40px;\">Mate\u0159sk\u00e1 \u0161kola Tachov, Tyr\u0161ova 1546<\/p>\n<p style=\"padding-left: 40px;\"><strong>4.3 \u00da\u0159edn\u00ed hodiny<\/strong><\/p>\n<p style=\"padding-left: 40px;\">\u0158editelka- dle telefonick\u00e9 dohody<\/p>\n<p style=\"padding-left: 40px;\">Hospod\u00e1\u0159ka- od 8 do 12hodin, v\u00a0dob\u011b \u00fahrady stravn\u00e9ho informace na n\u00e1st\u011bnce M\u0160<\/p>\n<p style=\"padding-left: 40px;\"><strong>4.4 Telefonn\u00ed \u010d\u00edsla <\/strong><\/p>\n<p style=\"padding-left: 40px;\">tel. \u0159editelna\u00a0\u00a0\u00a0\u00a0 \u00a0+420 775 852\u00a0590<\/p>\n<p style=\"padding-left: 40px;\">tel. vedouc\u00ed \u0160J\u00a0 \u00a0\u00a0+420 739 039\u00a0789<\/p>\n<p>&nbsp;<\/p>\n<p style=\"padding-left: 40px;\">tel. 1.t\u0159\u00edda \u0160ikulky\u00a0\u00a0\u00a0 +420 775 852\u00a0591<\/p>\n<p style=\"padding-left: 40px;\">tel. 2.t\u0159\u00edda \u010ciperky \u00a0 +420 775 852\u00a0592<\/p>\n<p style=\"padding-left: 40px;\">tel. 3. t\u0159\u00edda Tvo\u0159ilky\u00a0 +420 775 852\u00a0593<\/p>\n<p style=\"padding-left: 40px;\"><strong>4.5 \u010c\u00edslo faxu<\/strong><\/p>\n<p style=\"padding-left: 40px;\">&#8211;<\/p>\n<p style=\"padding-left: 40px;\"><strong>4.6 Adresa internetov\u00e9 str\u00e1nky <\/strong><\/p>\n<p style=\"padding-left: 40px;\"><span style=\"color: #ff9900;\"><a style=\"color: #ff9900;\" href=\"http:\/\/www.mstyrsovatc.cz\">www.mstyrsovatc.cz<\/a><\/span><\/p>\n<p style=\"padding-left: 40px;\"><strong>4.7 Adresa <\/strong><\/p>\n<p style=\"padding-left: 40px;\"><span style=\"color: #ff9900;\"><a style=\"color: #ff9900;\" href=\"mailto:mstyrsovatachov@seznam.cz\">mstyrsovatachov@seznam.cz<\/a><\/span> (\u0159editelna)<\/p>\n<p style=\"padding-left: 40px;\"><span style=\"color: #ff9900;\"><a style=\"color: #ff9900;\" href=\"mailto:mstyrsovatc@seznam.cz\">mstyrsovatc@seznam.cz<\/a><\/span> (t\u0159\u00eddy)<\/p>\n<p style=\"padding-left: 40px;\"><strong>4.8 Dal\u0161\u00ed adresa<\/strong><\/p>\n<p style=\"padding-left: 40px;\">Datov\u00e1 schr\u00e1nka: 8vnk2c9<\/p>\n<p><span style=\"color: #00ff00;\"><strong>5. Platby<\/strong><\/span><\/p>\n<p>181540232\/0300 \u010cSOB<\/p>\n<p><span style=\"color: #ff9900;\"><a style=\"color: #ff9900;\" href=\"https:\/\/www.mstyrsovatc.cz\/?page_id=93\">https:\/\/www.mstyrsovatc.cz\/?page_id=93<\/a> <\/span>stravn\u00e9, \u0161koln\u00e9<\/p>\n<p><span style=\"color: #00ff00;\"><strong>6. I\u010c<\/strong><\/span><\/p>\n<p>75006863<\/p>\n<p><span style=\"color: #00ff00;\"><strong>7. DI\u010c<\/strong><\/span><\/p>\n<p>&#8211;<\/p>\n<p><span style=\"color: #00ff00;\"><strong>8. Dokumenty <\/strong><\/span><\/p>\n<p style=\"padding-left: 40px;\"><strong>8.1. Seznam hlavn\u00edch koncep\u010dn\u00edch dokument<\/strong><\/p>\n<p><strong>\u00a0\u00a0\u00a0\u00a0\u00a0\u00a0\u00a0\u00a0\u00a0\u00a0\u00a0\u00a0\u00a0\u00a0\u00a0\u00a0\u00a0\u00a0\u00a0\u00a0\u00a0\u00a0\u00a0 <\/strong><strong>\u0160koln\u00ed \u0159\u00e1d<\/strong> <span style=\"color: #ff9900;\"><a style=\"color: #ff9900;\" href=\"https:\/\/www.mstyrsovatc.cz\/?page_id=283\">https:\/\/www.mstyrsovatc.cz\/?page_id=283<\/a><\/span><\/p>\n<p><strong>\u00a0\u00a0\u00a0\u00a0\u00a0\u00a0\u00a0\u00a0\u00a0\u00a0\u00a0\u00a0\u00a0\u00a0\u00a0\u00a0\u00a0\u00a0\u00a0\u00a0\u00a0\u00a0\u00a0 <\/strong><strong>\u0160VP <\/strong><span style=\"color: #ff9900;\"><a style=\"color: #ff9900;\" href=\"https:\/\/www.mstyrsovatc.cz\/?page_id=290\">https:\/\/www.mstyrsovatc.cz\/?page_id=290<\/a><\/span><\/p>\n<p><strong>\u00a0\u00a0\u00a0\u00a0\u00a0\u00a0\u00a0\u00a0\u00a0\u00a0\u00a0 <\/strong><strong>8.2 Rozpo\u010det<\/strong><\/p>\n<p><strong>\u00a0\u00a0\u00a0\u00a0\u00a0\u00a0\u00a0\u00a0\u00a0\u00a0<span style=\"color: #ff9900;\">\u00a0 <\/span><\/strong><span style=\"color: #ff9900;\"><a style=\"color: #ff9900;\" href=\"https:\/\/www.mstyrsovatc.cz\/?page_id=280\">https:\/\/www.mstyrsovatc.cz\/?page_id=280<\/a><\/span><\/p>\n<p><span style=\"color: #00ff00;\"><strong>9. \u017d\u00e1dost o informace<\/strong><\/span><\/p>\n<p>Informace lze z\u00edskat \u00fastn\u011b \u010di p\u00edsemn\u011b na emailovou adresu <span style=\"color: #ff9900;\"><a style=\"color: #ff9900;\" href=\"mailto:mstyrsovatc@seznam.cz\">mstyrsovatc@seznam.cz<\/a><\/span><\/p>\n<p><span style=\"color: #00ff00;\"><strong>10. P\u0159\u00edjem \u017e\u00e1dost\u00ed a dal\u0161\u00ed pod\u00e1n\u00ed<\/strong><\/span><\/p>\n<p>\u017d\u00e1dosti, st\u00ed\u017enosti, n\u00e1vrhy a podn\u011bty lze pod\u00e1vat p\u00edsemn\u011b \u010di elektronicky na v\u00fd\u0161e uveden\u00e9 adresy\u00a0(viz bod 4)<\/p>\n<p><span style=\"color: #00ff00;\"><strong>11. <\/strong><\/span><span style=\"color: #00ff00;\"><strong>Opravn\u00e9 prost\u0159edky<\/strong><\/span><\/p>\n<p>Opravn\u00e9 prost\u0159edky se pod\u00e1vaj\u00ed p\u00edsemn\u011b na adresu \u0161koly (adresovat \u0159editelce \u0161koly), lh\u016fta pro pod\u00e1n\u00ed se \u0159\u00edd\u00ed p\u0159\u00edslu\u0161n\u00fdmi prvn\u00edmi p\u0159edpisy dle opravn\u00e9ho prost\u0159edku.<\/p>\n<p><span style=\"color: #ff9900;\"><a style=\"color: #ff9900;\" href=\"https:\/\/www.zakonyprolidi.cz\/cs\/2004-500\">https:\/\/www.zakonyprolidi.cz\/cs\/2004-500<\/a> <\/span>Z\u00e1kon spr\u00e1vn\u00ed \u0159\u00e1d<\/p>\n<p><span style=\"color: #00ff00;\"><strong>12. Formul\u00e1\u0159e<\/strong><\/span><\/p>\n<p>Lze vyzvednout osobn\u011b v kancel\u00e1\u0159i \u0159editelky M\u0160.<\/p>\n<p><span style=\"color: #00ff00;\"><strong>13. Podpis postup\u016f<\/strong><\/span><\/p>\n<p>&#8211;<\/p>\n<p><span style=\"color: #00ff00;\"><strong>14. P\u0159edpisy<\/strong><\/span><\/p>\n<p><span style=\"color: #ff9900;\"><a style=\"color: #ff9900;\" href=\"https:\/\/www.zakonyprolidi.cz\/cs\/1999-106\">https:\/\/www.zakonyprolidi.cz\/cs\/1999-106<\/a><\/span> Z\u00e1kon o svobodn\u00e9m p\u0159\u00edstupu k informac\u00edm<\/p>\n<p><span style=\"color: #ff9900;\"><a style=\"color: #ff9900;\" href=\"https:\/\/www.zakonyprolidi.cz\/cs\/2004-561\">https:\/\/www.zakonyprolidi.cz\/cs\/2004-561<\/a><\/span> Z\u00e1kon o p\u0159ed\u0161koln\u00edm, z\u00e1kladn\u00edm, st\u0159edn\u00edm, vy\u0161\u0161\u00edm odborn\u00e9m a jin\u00e9m vzd\u011bl\u00e1v\u00e1n\u00ed (\u0161kolsk\u00fd z\u00e1kon)<\/p>\n<p><span style=\"color: #ff9900;\"><a style=\"color: #ff9900;\" href=\"https:\/\/www.zakonyprolidi.cz\/cs\/2004-500\">https:\/\/www.zakonyprolidi.cz\/cs\/2004-500<\/a> <\/span>Z\u00e1kon spr\u00e1vn\u00ed \u0159\u00e1d<\/p>\n<p><span style=\"color: #ff9900;\"><a style=\"color: #ff9900;\" href=\"https:\/\/www.zakonyprolidi.cz\/cs\/2005-14\">https:\/\/www.zakonyprolidi.cz\/cs\/2005-14<\/a> <\/span>Vyhl\u00e1\u0161ka o p\u0159ed\u0161koln\u00edm vzd\u011bl\u00e1v\u00e1n\u00ed<\/p>\n<p><span style=\"color: #ff9900;\"><a style=\"color: #ff9900;\" href=\"https:\/\/www.msmt.cz\/vzdelavani\/skolni-stravovani\">https:\/\/www.msmt.cz\/vzdelavani\/skolni-stravovani<\/a><\/span><\/p>\n<p><span style=\"color: #00ff00;\"><strong>15. \u00dahrady za poskytov\u00e1n\u00ed informac\u00ed <\/strong><\/span><\/p>\n<p>&#8211;<\/p>\n<p><span style=\"color: #00ff00;\"><strong>16. Licen\u010dn\u00ed slu\u017eby<\/strong><\/span><\/p>\n<p>Neexistuj\u00ed<\/p>\n<p><span style=\"color: #00ff00;\"><strong>17. V\u00fdro\u010dn\u00ed zpr\u00e1va podle z\u00e1kona \u010d. 106\/1999 Sb.<\/strong><\/span><\/p>\n<p>V\u00fdro\u010dn\u00ed zpr\u00e1vy jsou ulo\u017eeny k nahl\u00e9dnut\u00ed v kancel\u00e1\u0159i \u0159editelky \u0161koly.<\/p>\n","protected":false},"excerpt":{"rendered":"<p>Povinn\u011b zve\u0159ej\u0148ovan\u00e9 informace podle vyhl\u00e1\u0161ky \u010d.\u00a0442\/2006 Sb., kter\u00e1 stanov\u00ed strukturu informac\u00ed zve\u0159ej\u0148ovan\u00fdch o povinn\u00e9m subjektu dle \u00a7 5 odst. 1 &hellip; <\/p>\n","protected":false},"author":1,"featured_media":0,"parent":16,"menu_order":0,"comment_status":"closed","ping_status":"closed","template":"","meta":{"footnotes":""},"class_list":["post-546","page","type-page","status-publish","hentry"],"yoast_head":"<!-- This site is optimized with the Yoast SEO plugin v14.7 - https:\/\/yoast.com\/wordpress\/plugins\/seo\/ -->\n<title>Povinn\u011b zve\u0159ej\u0148ovan\u00e9 informace - M\u0160 Tyr\u0161ova Tachov<\/title>\n<meta name=\"robots\" content=\"index, follow\" \/>\n<meta name=\"googlebot\" content=\"index, follow, max-snippet:-1, max-image-preview:large, max-video-preview:-1\" \/>\n<meta name=\"bingbot\" content=\"index, follow, max-snippet:-1, max-image-preview:large, max-video-preview:-1\" \/>\n<link rel=\"canonical\" href=\"http:\/\/www.mstyrsovatc.cz\/?page_id=546\" \/>\n<meta property=\"og:locale\" content=\"cs_CZ\" \/>\n<meta property=\"og:type\" content=\"article\" \/>\n<meta property=\"og:title\" content=\"Povinn\u011b zve\u0159ej\u0148ovan\u00e9 informace - M\u0160 Tyr\u0161ova Tachov\" \/>\n<meta property=\"og:description\" content=\"Povinn\u011b zve\u0159ej\u0148ovan\u00e9 informace podle vyhl\u00e1\u0161ky \u010d.\u00a0442\/2006 Sb., kter\u00e1 stanov\u00ed strukturu informac\u00ed zve\u0159ej\u0148ovan\u00fdch o povinn\u00e9m subjektu dle \u00a7 5 odst. 1 &hellip;\" \/>\n<meta property=\"og:url\" content=\"http:\/\/www.mstyrsovatc.cz\/?page_id=546\" \/>\n<meta property=\"og:site_name\" content=\"M\u0160 Tyr\u0161ova Tachov\" \/>\n<meta property=\"article:modified_time\" content=\"2022-09-12T18:38:21+00:00\" \/>\n<meta name=\"twitter:card\" content=\"summary_large_image\" \/>\n<script type=\"application\/ld+json\" class=\"yoast-schema-graph\">{\"@context\":\"https:\/\/schema.org\",\"@graph\":[{\"@type\":[\"Person\",\"Organization\"],\"@id\":\"https:\/\/www.mstyrsovatc.cz\/#\/schema\/person\/9f73b07ad3eda6cbbd9b62821097625a\",\"name\":\"mstyrsovatc\",\"logo\":{\"@id\":\"https:\/\/www.mstyrsovatc.cz\/#personlogo\"}},{\"@type\":\"WebSite\",\"@id\":\"https:\/\/www.mstyrsovatc.cz\/#website\",\"url\":\"https:\/\/www.mstyrsovatc.cz\/\",\"name\":\"M\\u0160 Tyr\\u0161ova Tachov\",\"description\":\"\",\"publisher\":{\"@id\":\"https:\/\/www.mstyrsovatc.cz\/#\/schema\/person\/9f73b07ad3eda6cbbd9b62821097625a\"},\"potentialAction\":[{\"@type\":\"SearchAction\",\"target\":\"https:\/\/www.mstyrsovatc.cz\/?s={search_term_string}\",\"query-input\":\"required name=search_term_string\"}],\"inLanguage\":\"cs\"},{\"@type\":\"WebPage\",\"@id\":\"http:\/\/www.mstyrsovatc.cz\/?page_id=546#webpage\",\"url\":\"http:\/\/www.mstyrsovatc.cz\/?page_id=546\",\"name\":\"Povinn\\u011b zve\\u0159ej\\u0148ovan\\u00e9 informace - M\\u0160 Tyr\\u0161ova Tachov\",\"isPartOf\":{\"@id\":\"https:\/\/www.mstyrsovatc.cz\/#website\"},\"datePublished\":\"2020-10-15T11:10:23+00:00\",\"dateModified\":\"2022-09-12T18:38:21+00:00\",\"inLanguage\":\"cs\",\"potentialAction\":[{\"@type\":\"ReadAction\",\"target\":[\"http:\/\/www.mstyrsovatc.cz\/?page_id=546\"]}]}]}<\/script>\n<!-- \/ Yoast SEO plugin. -->","_links":{"self":[{"href":"https:\/\/www.mstyrsovatc.cz\/index.php?rest_route=\/wp\/v2\/pages\/546","targetHints":{"allow":["GET"]}}],"collection":[{"href":"https:\/\/www.mstyrsovatc.cz\/index.php?rest_route=\/wp\/v2\/pages"}],"about":[{"href":"https:\/\/www.mstyrsovatc.cz\/index.php?rest_route=\/wp\/v2\/types\/page"}],"author":[{"embeddable":true,"href":"https:\/\/www.mstyrsovatc.cz\/index.php?rest_route=\/wp\/v2\/users\/1"}],"replies":[{"embeddable":true,"href":"https:\/\/www.mstyrsovatc.cz\/index.php?rest_route=%2Fwp%2Fv2%2Fcomments&post=546"}],"version-history":[{"count":6,"href":"https:\/\/www.mstyrsovatc.cz\/index.php?rest_route=\/wp\/v2\/pages\/546\/revisions"}],"predecessor-version":[{"id":1371,"href":"https:\/\/www.mstyrsovatc.cz\/index.php?rest_route=\/wp\/v2\/pages\/546\/revisions\/1371"}],"up":[{"embeddable":true,"href":"https:\/\/www.mstyrsovatc.cz\/index.php?rest_route=\/wp\/v2\/pages\/16"}],"wp:attachment":[{"href":"https:\/\/www.mstyrsovatc.cz\/index.php?rest_route=%2Fwp%2Fv2%2Fmedia&parent=546"}],"curies":[{"name":"wp","href":"https:\/\/api.w.org\/{rel}","templated":true}]}}