{"id":559,"date":"2020-11-01T20:06:30","date_gmt":"2020-11-01T20:06:30","guid":{"rendered":"http:\/\/www.mstyrsovatc.cz\/?page_id=559"},"modified":"2022-09-12T18:36:39","modified_gmt":"2022-09-12T18:36:39","slug":"povinne-zverejnovane-informace-gdpr","status":"publish","type":"page","link":"https:\/\/www.mstyrsovatc.cz\/?page_id=559","title":{"rendered":"Povinn\u011b zve\u0159ej\u0148ovan\u00e9 informace GDPR"},"content":{"rendered":"<p><a href=\"http:\/\/www.mstyrsovatc.cz\/wp-content\/uploads\/2020\/11\/Povinn\u011b-zve\u0159ej\u0148ovan\u00e9-informace-.pdf\">Povinn\u011b zve\u0159ej\u0148ovan\u00e9 informace<\/a><\/p>\n","protected":false},"excerpt":{"rendered":"<p>Povinn\u011b zve\u0159ej\u0148ovan\u00e9 informace<\/p>\n","protected":false},"author":1,"featured_media":0,"parent":16,"menu_order":0,"comment_status":"closed","ping_status":"closed","template":"","meta":{"footnotes":""},"class_list":["post-559","page","type-page","status-publish","hentry"],"yoast_head":"<!-- This site is optimized with the Yoast SEO plugin v14.7 - https:\/\/yoast.com\/wordpress\/plugins\/seo\/ -->\n<title>Povinn\u011b zve\u0159ej\u0148ovan\u00e9 informace GDPR - M\u0160 Tyr\u0161ova Tachov<\/title>\n<meta name=\"robots\" content=\"index, follow\" \/>\n<meta name=\"googlebot\" content=\"index, follow, max-snippet:-1, max-image-preview:large, max-video-preview:-1\" \/>\n<meta name=\"bingbot\" content=\"index, follow, max-snippet:-1, max-image-preview:large, max-video-preview:-1\" \/>\n<link rel=\"canonical\" href=\"http:\/\/www.mstyrsovatc.cz\/?page_id=559\" \/>\n<meta property=\"og:locale\" content=\"cs_CZ\" \/>\n<meta property=\"og:type\" content=\"article\" \/>\n<meta property=\"og:title\" content=\"Povinn\u011b zve\u0159ej\u0148ovan\u00e9 informace GDPR - M\u0160 Tyr\u0161ova Tachov\" \/>\n<meta property=\"og:description\" content=\"Povinn\u011b zve\u0159ej\u0148ovan\u00e9 informace\" \/>\n<meta property=\"og:url\" content=\"http:\/\/www.mstyrsovatc.cz\/?page_id=559\" \/>\n<meta property=\"og:site_name\" content=\"M\u0160 Tyr\u0161ova Tachov\" \/>\n<meta property=\"article:modified_time\" content=\"2022-09-12T18:36:39+00:00\" \/>\n<meta name=\"twitter:card\" content=\"summary_large_image\" \/>\n<script type=\"application\/ld+json\" class=\"yoast-schema-graph\">{\"@context\":\"https:\/\/schema.org\",\"@graph\":[{\"@type\":[\"Person\",\"Organization\"],\"@id\":\"https:\/\/www.mstyrsovatc.cz\/#\/schema\/person\/9f73b07ad3eda6cbbd9b62821097625a\",\"name\":\"mstyrsovatc\",\"logo\":{\"@id\":\"https:\/\/www.mstyrsovatc.cz\/#personlogo\"}},{\"@type\":\"WebSite\",\"@id\":\"https:\/\/www.mstyrsovatc.cz\/#website\",\"url\":\"https:\/\/www.mstyrsovatc.cz\/\",\"name\":\"M\\u0160 Tyr\\u0161ova Tachov\",\"description\":\"\",\"publisher\":{\"@id\":\"https:\/\/www.mstyrsovatc.cz\/#\/schema\/person\/9f73b07ad3eda6cbbd9b62821097625a\"},\"potentialAction\":[{\"@type\":\"SearchAction\",\"target\":\"https:\/\/www.mstyrsovatc.cz\/?s={search_term_string}\",\"query-input\":\"required name=search_term_string\"}],\"inLanguage\":\"cs\"},{\"@type\":\"WebPage\",\"@id\":\"http:\/\/www.mstyrsovatc.cz\/?page_id=559#webpage\",\"url\":\"http:\/\/www.mstyrsovatc.cz\/?page_id=559\",\"name\":\"Povinn\\u011b zve\\u0159ej\\u0148ovan\\u00e9 informace GDPR - M\\u0160 Tyr\\u0161ova Tachov\",\"isPartOf\":{\"@id\":\"https:\/\/www.mstyrsovatc.cz\/#website\"},\"datePublished\":\"2020-11-01T20:06:30+00:00\",\"dateModified\":\"2022-09-12T18:36:39+00:00\",\"inLanguage\":\"cs\",\"potentialAction\":[{\"@type\":\"ReadAction\",\"target\":[\"http:\/\/www.mstyrsovatc.cz\/?page_id=559\"]}]}]}<\/script>\n<!-- \/ Yoast SEO plugin. -->","_links":{"self":[{"href":"https:\/\/www.mstyrsovatc.cz\/index.php?rest_route=\/wp\/v2\/pages\/559","targetHints":{"allow":["GET"]}}],"collection":[{"href":"https:\/\/www.mstyrsovatc.cz\/index.php?rest_route=\/wp\/v2\/pages"}],"about":[{"href":"https:\/\/www.mstyrsovatc.cz\/index.php?rest_route=\/wp\/v2\/types\/page"}],"author":[{"embeddable":true,"href":"https:\/\/www.mstyrsovatc.cz\/index.php?rest_route=\/wp\/v2\/users\/1"}],"replies":[{"embeddable":true,"href":"https:\/\/www.mstyrsovatc.cz\/index.php?rest_route=%2Fwp%2Fv2%2Fcomments&post=559"}],"version-history":[{"count":7,"href":"https:\/\/www.mstyrsovatc.cz\/index.php?rest_route=\/wp\/v2\/pages\/559\/revisions"}],"predecessor-version":[{"id":1370,"href":"https:\/\/www.mstyrsovatc.cz\/index.php?rest_route=\/wp\/v2\/pages\/559\/revisions\/1370"}],"up":[{"embeddable":true,"href":"https:\/\/www.mstyrsovatc.cz\/index.php?rest_route=\/wp\/v2\/pages\/16"}],"wp:attachment":[{"href":"https:\/\/www.mstyrsovatc.cz\/index.php?rest_route=%2Fwp%2Fv2%2Fmedia&parent=559"}],"curies":[{"name":"wp","href":"https:\/\/api.w.org\/{rel}","templated":true}]}}