{"id":60,"date":"2020-04-22T19:19:55","date_gmt":"2020-04-22T19:19:55","guid":{"rendered":"http:\/\/www.mstyrsovatc.cz\/?page_id=60"},"modified":"2026-02-24T13:00:50","modified_gmt":"2026-02-24T13:00:50","slug":"kontakt","status":"publish","type":"page","link":"https:\/\/www.mstyrsovatc.cz\/?page_id=60","title":{"rendered":"Kontakt"},"content":{"rendered":"<div id=\"content\" class=\"site-content\">\n<div class=\"row\">\n<div id=\"primary\" class=\"content-area\">\n<article id=\"post-56\" class=\"post-56 page type-page status-publish hentry\">\n<div class=\"entry-content\">\n<p><strong>Mate\u0159sk\u00e1 \u0161kola Tachov, Tyr\u0161ova 1546, <\/strong><strong>p\u0159\u00edsp\u011bvkov\u00e1 organizace<\/strong><\/p>\n<p>Mate\u0159sk\u00e1 \u0161kola Tachov, Tyr\u0161ova 1546, 347 01\u00a0 Tachov<\/p>\n<p>\u0159editelka M\u0160 &#8211; Miroslava Ko\u0161\u0165\u00e1lov\u00e1<\/p>\n<ul>\n<li>I\u010cO: 75006863<\/li>\n<li>tel. \u0159editelka M\u0160\u00a0 &#8211; M. Ko\u0161\u0165\u00e1lov\u00e1\u00a0 \u00a0 \u00a0 \u00a0 \u00a0 \u00a0 \u00a0 \u00a0 \u00a0 \u00a0 \u00a0 \u00a0 \u00a0 \u00a0 \u00a0 \u00a0 \u00a0 +420 775 852 590<\/li>\n<li>tel. z\u00e1stupce \u0159editelky- J. Flaksov\u00e1\u00a0 \u00a0 \u00a0 \u00a0 \u00a0 \u00a0 \u00a0 \u00a0 \u00a0 \u00a0 \u00a0 \u00a0 \u00a0 \u00a0 \u00a0 +420 775 852\u00a0 592<\/li>\n<li>tel. vedouc\u00ed \u0160J\u00a0 &#8211; J. Prokopov\u00e1\u00a0 \u00a0 \u00a0 \u00a0 \u00a0 \u00a0 \u00a0 \u00a0 \u00a0 \u00a0 \u00a0 \u00a0 \u00a0 \u00a0 \u00a0 \u00a0 \u00a0 \u00a0 \u00a0 +420 739 039 789<\/li>\n<li>tel. 1.t\u0159\u00edda \u0160ikulky\u00a0\u00a0\u00a0 +420 775 852 591<\/li>\n<li>tel. 2.t\u0159\u00edda \u010ciperky \u00a0 +420 775 852 592<\/li>\n<li>tel. 3. t\u0159\u00edda Tvo\u0159ilky\u00a0 +420 775 852 593<\/li>\n<\/ul>\n<ul>\n<li>email: <span style=\"color: #99cc00;\"><a style=\"color: #99cc00;\" href=\"https:\/\/www.mstyrsova.cz\/wp-admin\/mstyrsovatachov@seznam.cz\">mstyrsovatachov@seznam.cz<\/a><\/span><\/li>\n<li>ID DS: 8vnk2c9<\/li>\n<li>webov\u00e9 str\u00e1nky:\u00a0 https:\/\/www.mstyrsovatc.cz\/<\/li>\n<\/ul>\n<p>Pov\u011b\u0159enec GDPR \u2013 JUDr. Jan \u0160\u0165astn\u00fd, MPA\u00a0 stastny@catania.cz<\/p>\n<p><iframe loading=\"lazy\" src=\"https:\/\/www.google.com\/maps\/embed?pb=!1m18!1m12!1m3!1d2575.6509660659854!2d12.630410590768127!3d49.79262831636171!2m3!1f0!2f0!3f0!3m2!1i1024!2i768!4f13.1!3m3!1m2!1s0x47a07045451623c5%3A0x2df3ac801dd42794!2zTWF0ZcWZc2vDoSDFoWtvbGEgVGFjaG92!5e0!3m2!1scs!2scz!4v1563819109172!5m2!1scs!2scz\" width=\"800\" height=\"600\" frameborder=\"0\" allowfullscreen=\"allowfullscreen\" data-mce-fragment=\"1\"><\/iframe><\/p>\n<\/div>\n<footer class=\"entry-footer\"><\/footer>\n<\/article>\n<\/div>\n<\/div>\n<\/div>\n","protected":false},"excerpt":{"rendered":"<p>Mate\u0159sk\u00e1 \u0161kola Tachov, Tyr\u0161ova 1546, p\u0159\u00edsp\u011bvkov\u00e1 organizace Mate\u0159sk\u00e1 \u0161kola Tachov, Tyr\u0161ova 1546, 347 01\u00a0 Tachov \u0159editelka M\u0160 &#8211; Miroslava Ko\u0161\u0165\u00e1lov\u00e1 &hellip; <\/p>\n","protected":false},"author":1,"featured_media":0,"parent":0,"menu_order":0,"comment_status":"closed","ping_status":"closed","template":"","meta":{"footnotes":""},"class_list":["post-60","page","type-page","status-publish","hentry"],"yoast_head":"<!-- This site is optimized with the Yoast SEO plugin v14.7 - https:\/\/yoast.com\/wordpress\/plugins\/seo\/ -->\n<title>Kontakt - M\u0160 Tyr\u0161ova Tachov<\/title>\n<meta name=\"robots\" content=\"index, follow\" \/>\n<meta name=\"googlebot\" content=\"index, follow, max-snippet:-1, max-image-preview:large, max-video-preview:-1\" \/>\n<meta name=\"bingbot\" content=\"index, follow, max-snippet:-1, max-image-preview:large, max-video-preview:-1\" \/>\n<link rel=\"canonical\" href=\"https:\/\/www.mstyrsovatc.cz\/?page_id=60\" \/>\n<meta property=\"og:locale\" content=\"cs_CZ\" \/>\n<meta property=\"og:type\" content=\"article\" \/>\n<meta property=\"og:title\" content=\"Kontakt - M\u0160 Tyr\u0161ova Tachov\" \/>\n<meta property=\"og:description\" content=\"Mate\u0159sk\u00e1 \u0161kola Tachov, Tyr\u0161ova 1546, p\u0159\u00edsp\u011bvkov\u00e1 organizace Mate\u0159sk\u00e1 \u0161kola Tachov, Tyr\u0161ova 1546, 347 01\u00a0 Tachov \u0159editelka M\u0160 &#8211; Miroslava Ko\u0161\u0165\u00e1lov\u00e1 &hellip;\" \/>\n<meta property=\"og:url\" content=\"https:\/\/www.mstyrsovatc.cz\/?page_id=60\" \/>\n<meta property=\"og:site_name\" content=\"M\u0160 Tyr\u0161ova Tachov\" \/>\n<meta property=\"article:modified_time\" content=\"2026-02-24T13:00:50+00:00\" \/>\n<meta name=\"twitter:card\" content=\"summary_large_image\" \/>\n<script type=\"application\/ld+json\" class=\"yoast-schema-graph\">{\"@context\":\"https:\/\/schema.org\",\"@graph\":[{\"@type\":[\"Person\",\"Organization\"],\"@id\":\"https:\/\/www.mstyrsovatc.cz\/#\/schema\/person\/9f73b07ad3eda6cbbd9b62821097625a\",\"name\":\"mstyrsovatc\",\"logo\":{\"@id\":\"https:\/\/www.mstyrsovatc.cz\/#personlogo\"}},{\"@type\":\"WebSite\",\"@id\":\"https:\/\/www.mstyrsovatc.cz\/#website\",\"url\":\"https:\/\/www.mstyrsovatc.cz\/\",\"name\":\"M\\u0160 Tyr\\u0161ova Tachov\",\"description\":\"\",\"publisher\":{\"@id\":\"https:\/\/www.mstyrsovatc.cz\/#\/schema\/person\/9f73b07ad3eda6cbbd9b62821097625a\"},\"potentialAction\":[{\"@type\":\"SearchAction\",\"target\":\"https:\/\/www.mstyrsovatc.cz\/?s={search_term_string}\",\"query-input\":\"required name=search_term_string\"}],\"inLanguage\":\"cs\"},{\"@type\":\"WebPage\",\"@id\":\"https:\/\/www.mstyrsovatc.cz\/?page_id=60#webpage\",\"url\":\"https:\/\/www.mstyrsovatc.cz\/?page_id=60\",\"name\":\"Kontakt - M\\u0160 Tyr\\u0161ova Tachov\",\"isPartOf\":{\"@id\":\"https:\/\/www.mstyrsovatc.cz\/#website\"},\"datePublished\":\"2020-04-22T19:19:55+00:00\",\"dateModified\":\"2026-02-24T13:00:50+00:00\",\"inLanguage\":\"cs\",\"potentialAction\":[{\"@type\":\"ReadAction\",\"target\":[\"https:\/\/www.mstyrsovatc.cz\/?page_id=60\"]}]}]}<\/script>\n<!-- \/ Yoast SEO plugin. -->","_links":{"self":[{"href":"https:\/\/www.mstyrsovatc.cz\/index.php?rest_route=\/wp\/v2\/pages\/60","targetHints":{"allow":["GET"]}}],"collection":[{"href":"https:\/\/www.mstyrsovatc.cz\/index.php?rest_route=\/wp\/v2\/pages"}],"about":[{"href":"https:\/\/www.mstyrsovatc.cz\/index.php?rest_route=\/wp\/v2\/types\/page"}],"author":[{"embeddable":true,"href":"https:\/\/www.mstyrsovatc.cz\/index.php?rest_route=\/wp\/v2\/users\/1"}],"replies":[{"embeddable":true,"href":"https:\/\/www.mstyrsovatc.cz\/index.php?rest_route=%2Fwp%2Fv2%2Fcomments&post=60"}],"version-history":[{"count":28,"href":"https:\/\/www.mstyrsovatc.cz\/index.php?rest_route=\/wp\/v2\/pages\/60\/revisions"}],"predecessor-version":[{"id":3760,"href":"https:\/\/www.mstyrsovatc.cz\/index.php?rest_route=\/wp\/v2\/pages\/60\/revisions\/3760"}],"wp:attachment":[{"href":"https:\/\/www.mstyrsovatc.cz\/index.php?rest_route=%2Fwp%2Fv2%2Fmedia&parent=60"}],"curies":[{"name":"wp","href":"https:\/\/api.w.org\/{rel}","templated":true}]}}